{"id":39,"date":"2026-01-30T16:01:46","date_gmt":"2026-01-30T16:01:46","guid":{"rendered":"https:\/\/shop.yaonitta.se\/?post_type=product&#038;p=39"},"modified":"2026-03-01T19:24:42","modified_gmt":"2026-03-01T19:24:42","slug":"virkad-tote-bag-001","status":"publish","type":"product","link":"https:\/\/shop.yaonitta.se\/en\/product\/virkad-tote-bag-001\/","title":{"rendered":"Crochet Tote Bag - Mustard yellow\/White"},"content":{"rendered":"<p id=\"tw-target-text\" class=\"tw-data-text tw-text-large tw-ta\" dir=\"ltr\" tabindex=\"-1\" role=\"text\" data-placeholder=\"\u00d6vers\u00e4ttning\" aria-label=\"\u00d6versatt text: Denna vackra virkade v\u00e4ska \u00e4r noggrant handgjord med k\u00e4rlek och uppm\u00e4rksamhet p\u00e5 varje stygn. Den senapsgula och mjuka vita f\u00e4rgkombinationen skapar en varm, glad look som sticker ut samtidigt som den k\u00e4nns naturlig och mysig. Designad med en rymlig tygform \u00e4r denna v\u00e4ska perfekt f\u00f6r vardagligt bruk. Den erbjuder gott om plats f\u00f6r dina dagliga n\u00f6dv\u00e4ndigheter samtidigt som den ger en unik handgjord touch till din outfit. Varje v\u00e4ska \u00e4r unik, vilket g\u00f6r den verkligen speciell. Storlek och detaljer: \u2022 Bas: 13 x 30 cm \u2022 H\u00f6jd: 28 cm \u2022 Bredd: 36 cm \u2022 100 % handgjord virkad \u2022 Mjuk men \u00e4nd\u00e5 robust struktur \u2022 Unik handgjord design Perfekt f\u00f6r dagligt bruk, shopping eller avslappnade utflykter, denna v\u00e4ska ger v\u00e4rme, hantverk och personlighet till din stil\" data-ved=\"2ahUKEwjroaf37cKSAxURExAIHfROCakQ3ewLegQIDBAW\"><span class=\"Y2IQFc\" lang=\"sv\">This beautiful crochet bag is carefully handmade with love and attention to every stitch. The mustard yellow and soft white color combination creates a warm, cheerful look that stands out while still feeling natural and cozy.<\/span><\/p>\n<p class=\"tw-data-text tw-text-large tw-ta\" dir=\"ltr\" tabindex=\"-1\" role=\"text\" data-placeholder=\"\u00d6vers\u00e4ttning\" aria-label=\"\u00d6versatt text: Denna vackra virkade v\u00e4ska \u00e4r noggrant handgjord med k\u00e4rlek och uppm\u00e4rksamhet p\u00e5 varje stygn. Den senapsgula och mjuka vita f\u00e4rgkombinationen skapar en varm, glad look som sticker ut samtidigt som den k\u00e4nns naturlig och mysig. Designad med en rymlig tygform \u00e4r denna v\u00e4ska perfekt f\u00f6r vardagligt bruk. Den erbjuder gott om plats f\u00f6r dina dagliga n\u00f6dv\u00e4ndigheter samtidigt som den ger en unik handgjord touch till din outfit. Varje v\u00e4ska \u00e4r unik, vilket g\u00f6r den verkligen speciell. Storlek och detaljer: \u2022 Bas: 13 x 30 cm \u2022 H\u00f6jd: 28 cm \u2022 Bredd: 36 cm \u2022 100 % handgjord virkad \u2022 Mjuk men \u00e4nd\u00e5 robust struktur \u2022 Unik handgjord design Perfekt f\u00f6r dagligt bruk, shopping eller avslappnade utflykter, denna v\u00e4ska ger v\u00e4rme, hantverk och personlighet till din stil\" data-ved=\"2ahUKEwjroaf37cKSAxURExAIHfROCakQ3ewLegQIDBAW\"><span class=\"Y2IQFc\" lang=\"sv\">Designed with a spacious tote shape, this bag is perfect for everyday use. It offers plenty of room for your daily essentials while adding a unique handmade touch to your outfit. Each bag is one of a kind, making it truly special.<\/span><\/p>\n<p class=\"tw-data-text tw-text-large tw-ta\" dir=\"ltr\" tabindex=\"-1\" role=\"text\" data-placeholder=\"\u00d6vers\u00e4ttning\" aria-label=\"\u00d6versatt text: Denna vackra virkade v\u00e4ska \u00e4r noggrant handgjord med k\u00e4rlek och uppm\u00e4rksamhet p\u00e5 varje stygn. Den senapsgula och mjuka vita f\u00e4rgkombinationen skapar en varm, glad look som sticker ut samtidigt som den k\u00e4nns naturlig och mysig. Designad med en rymlig tygform \u00e4r denna v\u00e4ska perfekt f\u00f6r vardagligt bruk. Den erbjuder gott om plats f\u00f6r dina dagliga n\u00f6dv\u00e4ndigheter samtidigt som den ger en unik handgjord touch till din outfit. Varje v\u00e4ska \u00e4r unik, vilket g\u00f6r den verkligen speciell. Storlek och detaljer: \u2022 Bas: 13 x 30 cm \u2022 H\u00f6jd: 28 cm \u2022 Bredd: 36 cm \u2022 100 % handgjord virkad \u2022 Mjuk men \u00e4nd\u00e5 robust struktur \u2022 Unik handgjord design Perfekt f\u00f6r dagligt bruk, shopping eller avslappnade utflykter, denna v\u00e4ska ger v\u00e4rme, hantverk och personlighet till din stil\" data-ved=\"2ahUKEwjroaf37cKSAxURExAIHfROCakQ3ewLegQIDBAW\"><strong><span class=\"Y2IQFc\" lang=\"sv\">Size and details:<\/span><\/strong><\/p>\n<p class=\"tw-data-text tw-text-large tw-ta\" dir=\"ltr\" tabindex=\"-1\" role=\"text\" data-placeholder=\"\u00d6vers\u00e4ttning\" aria-label=\"\u00d6versatt text: Denna vackra virkade v\u00e4ska \u00e4r noggrant handgjord med k\u00e4rlek och uppm\u00e4rksamhet p\u00e5 varje stygn. Den senapsgula och mjuka vita f\u00e4rgkombinationen skapar en varm, glad look som sticker ut samtidigt som den k\u00e4nns naturlig och mysig. Designad med en rymlig tygform \u00e4r denna v\u00e4ska perfekt f\u00f6r vardagligt bruk. Den erbjuder gott om plats f\u00f6r dina dagliga n\u00f6dv\u00e4ndigheter samtidigt som den ger en unik handgjord touch till din outfit. Varje v\u00e4ska \u00e4r unik, vilket g\u00f6r den verkligen speciell. Storlek och detaljer: \u2022 Bas: 13 x 30 cm \u2022 H\u00f6jd: 28 cm \u2022 Bredd: 36 cm \u2022 100 % handgjord virkad \u2022 Mjuk men \u00e4nd\u00e5 robust struktur \u2022 Unik handgjord design Perfekt f\u00f6r dagligt bruk, shopping eller avslappnade utflykter, denna v\u00e4ska ger v\u00e4rme, hantverk och personlighet till din stil\" data-ved=\"2ahUKEwjroaf37cKSAxURExAIHfROCakQ3ewLegQIDBAW\"><span class=\"Y2IQFc\" lang=\"sv\">\u2022 Base: 13 x 30 cm<\/span><\/p>\n<p class=\"tw-data-text tw-text-large tw-ta\" dir=\"ltr\" tabindex=\"-1\" role=\"text\" data-placeholder=\"\u00d6vers\u00e4ttning\" aria-label=\"\u00d6versatt text: Denna vackra virkade v\u00e4ska \u00e4r noggrant handgjord med k\u00e4rlek och uppm\u00e4rksamhet p\u00e5 varje stygn. Den senapsgula och mjuka vita f\u00e4rgkombinationen skapar en varm, glad look som sticker ut samtidigt som den k\u00e4nns naturlig och mysig. Designad med en rymlig tygform \u00e4r denna v\u00e4ska perfekt f\u00f6r vardagligt bruk. Den erbjuder gott om plats f\u00f6r dina dagliga n\u00f6dv\u00e4ndigheter samtidigt som den ger en unik handgjord touch till din outfit. Varje v\u00e4ska \u00e4r unik, vilket g\u00f6r den verkligen speciell. Storlek och detaljer: \u2022 Bas: 13 x 30 cm \u2022 H\u00f6jd: 28 cm \u2022 Bredd: 36 cm \u2022 100 % handgjord virkad \u2022 Mjuk men \u00e4nd\u00e5 robust struktur \u2022 Unik handgjord design Perfekt f\u00f6r dagligt bruk, shopping eller avslappnade utflykter, denna v\u00e4ska ger v\u00e4rme, hantverk och personlighet till din stil\" data-ved=\"2ahUKEwjroaf37cKSAxURExAIHfROCakQ3ewLegQIDBAW\"><span class=\"Y2IQFc\" lang=\"sv\">\u2022 Height: 28 cm<\/span><\/p>\n<p class=\"tw-data-text tw-text-large tw-ta\" dir=\"ltr\" tabindex=\"-1\" role=\"text\" data-placeholder=\"\u00d6vers\u00e4ttning\" aria-label=\"\u00d6versatt text: Denna vackra virkade v\u00e4ska \u00e4r noggrant handgjord med k\u00e4rlek och uppm\u00e4rksamhet p\u00e5 varje stygn. Den senapsgula och mjuka vita f\u00e4rgkombinationen skapar en varm, glad look som sticker ut samtidigt som den k\u00e4nns naturlig och mysig. Designad med en rymlig tygform \u00e4r denna v\u00e4ska perfekt f\u00f6r vardagligt bruk. Den erbjuder gott om plats f\u00f6r dina dagliga n\u00f6dv\u00e4ndigheter samtidigt som den ger en unik handgjord touch till din outfit. Varje v\u00e4ska \u00e4r unik, vilket g\u00f6r den verkligen speciell. Storlek och detaljer: \u2022 Bas: 13 x 30 cm \u2022 H\u00f6jd: 28 cm \u2022 Bredd: 36 cm \u2022 100 % handgjord virkad \u2022 Mjuk men \u00e4nd\u00e5 robust struktur \u2022 Unik handgjord design Perfekt f\u00f6r dagligt bruk, shopping eller avslappnade utflykter, denna v\u00e4ska ger v\u00e4rme, hantverk och personlighet till din stil\" data-ved=\"2ahUKEwjroaf37cKSAxURExAIHfROCakQ3ewLegQIDBAW\"><span class=\"Y2IQFc\" lang=\"sv\">\u2022 Width: 36 cm<\/span><\/p>\n<p class=\"tw-data-text tw-text-large tw-ta\" dir=\"ltr\" tabindex=\"-1\" role=\"text\" data-placeholder=\"\u00d6vers\u00e4ttning\" aria-label=\"\u00d6versatt text: Denna vackra virkade v\u00e4ska \u00e4r noggrant handgjord med k\u00e4rlek och uppm\u00e4rksamhet p\u00e5 varje stygn. Den senapsgula och mjuka vita f\u00e4rgkombinationen skapar en varm, glad look som sticker ut samtidigt som den k\u00e4nns naturlig och mysig. Designad med en rymlig tygform \u00e4r denna v\u00e4ska perfekt f\u00f6r vardagligt bruk. Den erbjuder gott om plats f\u00f6r dina dagliga n\u00f6dv\u00e4ndigheter samtidigt som den ger en unik handgjord touch till din outfit. Varje v\u00e4ska \u00e4r unik, vilket g\u00f6r den verkligen speciell. Storlek och detaljer: \u2022 Bas: 13 x 30 cm \u2022 H\u00f6jd: 28 cm \u2022 Bredd: 36 cm \u2022 100 % handgjord virkad \u2022 Mjuk men \u00e4nd\u00e5 robust struktur \u2022 Unik handgjord design Perfekt f\u00f6r dagligt bruk, shopping eller avslappnade utflykter, denna v\u00e4ska ger v\u00e4rme, hantverk och personlighet till din stil\" data-ved=\"2ahUKEwjroaf37cKSAxURExAIHfROCakQ3ewLegQIDBAW\"><span class=\"Y2IQFc\" lang=\"sv\">\u2022 100% handmade crochet<\/span><\/p>\n<p class=\"tw-data-text tw-text-large tw-ta\" dir=\"ltr\" tabindex=\"-1\" role=\"text\" data-placeholder=\"\u00d6vers\u00e4ttning\" aria-label=\"\u00d6versatt text: Denna vackra virkade v\u00e4ska \u00e4r noggrant handgjord med k\u00e4rlek och uppm\u00e4rksamhet p\u00e5 varje stygn. Den senapsgula och mjuka vita f\u00e4rgkombinationen skapar en varm, glad look som sticker ut samtidigt som den k\u00e4nns naturlig och mysig. Designad med en rymlig tygform \u00e4r denna v\u00e4ska perfekt f\u00f6r vardagligt bruk. Den erbjuder gott om plats f\u00f6r dina dagliga n\u00f6dv\u00e4ndigheter samtidigt som den ger en unik handgjord touch till din outfit. Varje v\u00e4ska \u00e4r unik, vilket g\u00f6r den verkligen speciell. Storlek och detaljer: \u2022 Bas: 13 x 30 cm \u2022 H\u00f6jd: 28 cm \u2022 Bredd: 36 cm \u2022 100 % handgjord virkad \u2022 Mjuk men \u00e4nd\u00e5 robust struktur \u2022 Unik handgjord design Perfekt f\u00f6r dagligt bruk, shopping eller avslappnade utflykter, denna v\u00e4ska ger v\u00e4rme, hantverk och personlighet till din stil\" data-ved=\"2ahUKEwjroaf37cKSAxURExAIHfROCakQ3ewLegQIDBAW\"><span class=\"Y2IQFc\" lang=\"sv\">\u2022 Soft yet sturdy structure<\/span><\/p>\n<p class=\"tw-data-text tw-text-large tw-ta\" dir=\"ltr\" tabindex=\"-1\" role=\"text\" data-placeholder=\"\u00d6vers\u00e4ttning\" aria-label=\"\u00d6versatt text: Denna vackra virkade v\u00e4ska \u00e4r noggrant handgjord med k\u00e4rlek och uppm\u00e4rksamhet p\u00e5 varje stygn. Den senapsgula och mjuka vita f\u00e4rgkombinationen skapar en varm, glad look som sticker ut samtidigt som den k\u00e4nns naturlig och mysig. Designad med en rymlig tygform \u00e4r denna v\u00e4ska perfekt f\u00f6r vardagligt bruk. Den erbjuder gott om plats f\u00f6r dina dagliga n\u00f6dv\u00e4ndigheter samtidigt som den ger en unik handgjord touch till din outfit. Varje v\u00e4ska \u00e4r unik, vilket g\u00f6r den verkligen speciell. Storlek och detaljer: \u2022 Bas: 13 x 30 cm \u2022 H\u00f6jd: 28 cm \u2022 Bredd: 36 cm \u2022 100 % handgjord virkad \u2022 Mjuk men \u00e4nd\u00e5 robust struktur \u2022 Unik handgjord design Perfekt f\u00f6r dagligt bruk, shopping eller avslappnade utflykter, denna v\u00e4ska ger v\u00e4rme, hantverk och personlighet till din stil\" data-ved=\"2ahUKEwjroaf37cKSAxURExAIHfROCakQ3ewLegQIDBAW\"><span class=\"Y2IQFc\" lang=\"sv\">\u2022 Unique handmade design<\/span><\/p>\n<p class=\"tw-data-text tw-text-large tw-ta\" dir=\"ltr\" tabindex=\"-1\" role=\"text\" data-placeholder=\"\u00d6vers\u00e4ttning\" aria-label=\"\u00d6versatt text: Denna vackra virkade v\u00e4ska \u00e4r noggrant handgjord med k\u00e4rlek och uppm\u00e4rksamhet p\u00e5 varje stygn. Den senapsgula och mjuka vita f\u00e4rgkombinationen skapar en varm, glad look som sticker ut samtidigt som den k\u00e4nns naturlig och mysig. Designad med en rymlig tygform \u00e4r denna v\u00e4ska perfekt f\u00f6r vardagligt bruk. Den erbjuder gott om plats f\u00f6r dina dagliga n\u00f6dv\u00e4ndigheter samtidigt som den ger en unik handgjord touch till din outfit. Varje v\u00e4ska \u00e4r unik, vilket g\u00f6r den verkligen speciell. Storlek och detaljer: \u2022 Bas: 13 x 30 cm \u2022 H\u00f6jd: 28 cm \u2022 Bredd: 36 cm \u2022 100 % handgjord virkad \u2022 Mjuk men \u00e4nd\u00e5 robust struktur \u2022 Unik handgjord design Perfekt f\u00f6r dagligt bruk, shopping eller avslappnade utflykter, denna v\u00e4ska ger v\u00e4rme, hantverk och personlighet till din stil\" data-ved=\"2ahUKEwjroaf37cKSAxURExAIHfROCakQ3ewLegQIDBAW\"><span class=\"Y2IQFc\" lang=\"sv\">Perfect for daily use, shopping, or casual outings, this bag brings warmth, craftsmanship, and personality to your style<\/span><\/p>","protected":false},"excerpt":{"rendered":"<p>A bag with a harmonic combination of mustard yellow and white that gives a warm and natural look.<\/p>","protected":false},"featured_media":40,"comment_status":"open","ping_status":"closed","template":"","meta":{"_monsterinsights_skip_tracking":false,"_monsterinsights_sitenote_active":false,"_monsterinsights_sitenote_note":"","_monsterinsights_sitenote_category":0},"product_brand":[36],"product_cat":[23],"product_tag":[],"class_list":{"0":"post-39","1":"product","2":"type-product","3":"status-publish","4":"has-post-thumbnail","6":"product_brand-crochet-by-yaonitta-se","7":"product_cat-i-lager","9":"first","10":"instock","11":"taxable","12":"shipping-taxable","13":"purchasable","14":"product-type-simple"},"aioseo_notices":[],"_links":{"self":[{"href":"https:\/\/shop.yaonitta.se\/en\/wp-json\/wp\/v2\/product\/39","targetHints":{"allow":["GET"]}}],"collection":[{"href":"https:\/\/shop.yaonitta.se\/en\/wp-json\/wp\/v2\/product"}],"about":[{"href":"https:\/\/shop.yaonitta.se\/en\/wp-json\/wp\/v2\/types\/product"}],"replies":[{"embeddable":true,"href":"https:\/\/shop.yaonitta.se\/en\/wp-json\/wp\/v2\/comments?post=39"}],"wp:featuredmedia":[{"embeddable":true,"href":"https:\/\/shop.yaonitta.se\/en\/wp-json\/wp\/v2\/media\/40"}],"wp:attachment":[{"href":"https:\/\/shop.yaonitta.se\/en\/wp-json\/wp\/v2\/media?parent=39"}],"wp:term":[{"taxonomy":"product_brand","embeddable":true,"href":"https:\/\/shop.yaonitta.se\/en\/wp-json\/wp\/v2\/product_brand?post=39"},{"taxonomy":"product_cat","embeddable":true,"href":"https:\/\/shop.yaonitta.se\/en\/wp-json\/wp\/v2\/product_cat?post=39"},{"taxonomy":"product_tag","embeddable":true,"href":"https:\/\/shop.yaonitta.se\/en\/wp-json\/wp\/v2\/product_tag?post=39"}],"curies":[{"name":"wp","href":"https:\/\/api.w.org\/{rel}","templated":true}]}}