{"id":171,"date":"2026-03-17T19:30:33","date_gmt":"2026-03-17T19:30:33","guid":{"rendered":"https:\/\/shop.yaonitta.se\/?post_type=product&#038;p=171"},"modified":"2026-03-17T19:37:57","modified_gmt":"2026-03-17T19:37:57","slug":"virkad-crossbody-bag-bla-beige","status":"publish","type":"product","link":"https:\/\/shop.yaonitta.se\/en\/product\/virkad-crossbody-bag-bla-beige\/","title":{"rendered":"Handmade Crochet Crossbody Bag - Blue\/Beige"},"content":{"rendered":"<pre id=\"tw-target-text\" class=\"tw-data-text tw-text-large tw-ta\" dir=\"ltr\" tabindex=\"-1\" role=\"text\" data-placeholder=\"\u00d6vers\u00e4ttning\" data-ved=\"2ahUKEwjC9quQ1qeTAxUGHxAIHbriA8UQ3ewLegQIBBAX\" aria-label=\"\u00d6versatt text: En vackert handgjord virkad v\u00e4ska med ett elegant bl\u00e5tt och beige v\u00e4vt m\u00f6nster. Varje del \u00e4r noggrant handgjord, vilket ger v\u00e4skan en unik karakt\u00e4r och hantverksm\u00e4ssig charm.Denna m\u00e5ngsidiga v\u00e4ska har robusta handtag och en avtagbar l\u00e5ng axelrem, vilket g\u00f6r att den kan b\u00e4ras i handen eller bekv\u00e4mt som en axelremsv\u00e4ska. Perfekt f\u00f6r vardagsbruk, avslappnade utflykter eller f\u00f6r att ge din look en snygg handgjord touch.Tillverkad med slitstarkt garn och noggrannhet i detaljerna, \u00e4r denna v\u00e4ska l\u00e4tt, praktisk och designad f\u00f6r att sticka ut.StorlekBas: 18 cmH\u00f6jd: 17 cm\"><span class=\"Y2IQFc\" lang=\"sv\">A beautifully handcrafted crochet bag featuring an elegant blue and beige woven pattern. Each piece is carefully handmade, giving the bag a unique character and artisanal charm.\n\nThis versatile bag comes with sturdy top handles and a detachable long shoulder strap, allowing it to be carried by hand or worn comfortably as a crossbody bag. Perfect for everyday use, casual outings, or adding a stylish handmade touch to your look.\n\nCrafted with durable yarn and attention to detail, this bag is lightweight, practical, and designed to stand out.<\/span><\/pre>\n<p class=\"tw-data-text tw-text-large tw-ta\" dir=\"ltr\" tabindex=\"-1\" role=\"text\" data-placeholder=\"\u00d6vers\u00e4ttning\" data-ved=\"2ahUKEwjGs86BzdOSAxURKBAIHdB5HhgQ3ewLegQICxAW\" aria-label=\"\u00d6versatt text: Handgjord virkad hinkv\u00e4ska \u2013 Olivgr\u00f6n Denna vackra virkade v\u00e4ska \u00e4r k\u00e4rleksfullt handgjord, maska \u200b\u200bf\u00f6r maska, med omsorg och uppm\u00e4rksamhet p\u00e5 varje detalj. Den mjuka olivgr\u00f6na f\u00e4rgen ger en lugn, naturlig k\u00e4nsla, vilket g\u00f6r den enkel att matcha med vardagliga outfits. Denna v\u00e4ska \u00e4r designad i en klassisk hinkform och \u00e4r b\u00e5de snygg och praktisk. Den har ett bekv\u00e4mt handtag och en avtagbar axelrem, s\u00e5 att du kan b\u00e4ra den i handen eller crossbody. Den lilla handgjorda smiley-berlocken ger en varm och lekfull touch. Storlek och detaljer: \u2022 Bottendiameter: 15 cm \u2022 H\u00f6jd: 21 cm \u2022 Botten i hinkform \u2022 100 % handgjord virkad \u2022 Varje v\u00e4ska \u00e4r unik Perfekt f\u00f6r att b\u00e4ra dina dagliga n\u00f6dv\u00e4ndigheter samtidigt som den ger en mysig, handgjord k\u00e4nsla till din look.\"><strong><span class=\"Y2IQFc\" lang=\"sv\">Size and details:<\/span><\/strong><\/p>\n<p class=\"tw-data-text tw-text-large tw-ta\" dir=\"ltr\" tabindex=\"-1\" role=\"text\" data-placeholder=\"\u00d6vers\u00e4ttning\" data-ved=\"2ahUKEwjGs86BzdOSAxURKBAIHdB5HhgQ3ewLegQICxAW\" aria-label=\"\u00d6versatt text: Handgjord virkad hinkv\u00e4ska \u2013 Olivgr\u00f6n Denna vackra virkade v\u00e4ska \u00e4r k\u00e4rleksfullt handgjord, maska \u200b\u200bf\u00f6r maska, med omsorg och uppm\u00e4rksamhet p\u00e5 varje detalj. Den mjuka olivgr\u00f6na f\u00e4rgen ger en lugn, naturlig k\u00e4nsla, vilket g\u00f6r den enkel att matcha med vardagliga outfits. Denna v\u00e4ska \u00e4r designad i en klassisk hinkform och \u00e4r b\u00e5de snygg och praktisk. Den har ett bekv\u00e4mt handtag och en avtagbar axelrem, s\u00e5 att du kan b\u00e4ra den i handen eller crossbody. Den lilla handgjorda smiley-berlocken ger en varm och lekfull touch. Storlek och detaljer: \u2022 Bottendiameter: 15 cm \u2022 H\u00f6jd: 21 cm \u2022 Botten i hinkform \u2022 100 % handgjord virkad \u2022 Varje v\u00e4ska \u00e4r unik Perfekt f\u00f6r att b\u00e4ra dina dagliga n\u00f6dv\u00e4ndigheter samtidigt som den ger en mysig, handgjord k\u00e4nsla till din look.\"><span class=\"Y2IQFc\" lang=\"sv\">\u2022 Base: 18 x 7 cm<\/span><\/p>\n<p class=\"tw-data-text tw-text-large tw-ta\" dir=\"ltr\" tabindex=\"-1\" role=\"text\" data-placeholder=\"\u00d6vers\u00e4ttning\" data-ved=\"2ahUKEwjGs86BzdOSAxURKBAIHdB5HhgQ3ewLegQICxAW\" aria-label=\"\u00d6versatt text: Handgjord virkad hinkv\u00e4ska \u2013 Olivgr\u00f6n Denna vackra virkade v\u00e4ska \u00e4r k\u00e4rleksfullt handgjord, maska \u200b\u200bf\u00f6r maska, med omsorg och uppm\u00e4rksamhet p\u00e5 varje detalj. Den mjuka olivgr\u00f6na f\u00e4rgen ger en lugn, naturlig k\u00e4nsla, vilket g\u00f6r den enkel att matcha med vardagliga outfits. Denna v\u00e4ska \u00e4r designad i en klassisk hinkform och \u00e4r b\u00e5de snygg och praktisk. Den har ett bekv\u00e4mt handtag och en avtagbar axelrem, s\u00e5 att du kan b\u00e4ra den i handen eller crossbody. Den lilla handgjorda smiley-berlocken ger en varm och lekfull touch. Storlek och detaljer: \u2022 Bottendiameter: 15 cm \u2022 H\u00f6jd: 21 cm \u2022 Botten i hinkform \u2022 100 % handgjord virkad \u2022 Varje v\u00e4ska \u00e4r unik Perfekt f\u00f6r att b\u00e4ra dina dagliga n\u00f6dv\u00e4ndigheter samtidigt som den ger en mysig, handgjord k\u00e4nsla till din look.\"><span class=\"Y2IQFc\" lang=\"sv\">\u2022 Height: 17 cm<\/span><\/p>\n<p class=\"tw-data-text tw-text-large tw-ta\" dir=\"ltr\" tabindex=\"-1\" role=\"text\" data-placeholder=\"\u00d6vers\u00e4ttning\" data-ved=\"2ahUKEwjGs86BzdOSAxURKBAIHdB5HhgQ3ewLegQICxAW\" aria-label=\"\u00d6versatt text: Handgjord virkad hinkv\u00e4ska \u2013 Olivgr\u00f6n Denna vackra virkade v\u00e4ska \u00e4r k\u00e4rleksfullt handgjord, maska \u200b\u200bf\u00f6r maska, med omsorg och uppm\u00e4rksamhet p\u00e5 varje detalj. Den mjuka olivgr\u00f6na f\u00e4rgen ger en lugn, naturlig k\u00e4nsla, vilket g\u00f6r den enkel att matcha med vardagliga outfits. Denna v\u00e4ska \u00e4r designad i en klassisk hinkform och \u00e4r b\u00e5de snygg och praktisk. Den har ett bekv\u00e4mt handtag och en avtagbar axelrem, s\u00e5 att du kan b\u00e4ra den i handen eller crossbody. Den lilla handgjorda smiley-berlocken ger en varm och lekfull touch. Storlek och detaljer: \u2022 Bottendiameter: 15 cm \u2022 H\u00f6jd: 21 cm \u2022 Botten i hinkform \u2022 100 % handgjord virkad \u2022 Varje v\u00e4ska \u00e4r unik Perfekt f\u00f6r att b\u00e4ra dina dagliga n\u00f6dv\u00e4ndigheter samtidigt som den ger en mysig, handgjord k\u00e4nsla till din look.\"><span class=\"Y2IQFc\" lang=\"sv\">\u2022 100% handmade crochet<\/span><\/p>\n<p class=\"tw-data-text tw-text-large tw-ta\" dir=\"ltr\" tabindex=\"-1\" role=\"text\" data-placeholder=\"\u00d6vers\u00e4ttning\" data-ved=\"2ahUKEwjGs86BzdOSAxURKBAIHdB5HhgQ3ewLegQICxAW\" aria-label=\"\u00d6versatt text: Handgjord virkad hinkv\u00e4ska \u2013 Olivgr\u00f6n Denna vackra virkade v\u00e4ska \u00e4r k\u00e4rleksfullt handgjord, maska \u200b\u200bf\u00f6r maska, med omsorg och uppm\u00e4rksamhet p\u00e5 varje detalj. Den mjuka olivgr\u00f6na f\u00e4rgen ger en lugn, naturlig k\u00e4nsla, vilket g\u00f6r den enkel att matcha med vardagliga outfits. Denna v\u00e4ska \u00e4r designad i en klassisk hinkform och \u00e4r b\u00e5de snygg och praktisk. Den har ett bekv\u00e4mt handtag och en avtagbar axelrem, s\u00e5 att du kan b\u00e4ra den i handen eller crossbody. Den lilla handgjorda smiley-berlocken ger en varm och lekfull touch. Storlek och detaljer: \u2022 Bottendiameter: 15 cm \u2022 H\u00f6jd: 21 cm \u2022 Botten i hinkform \u2022 100 % handgjord virkad \u2022 Varje v\u00e4ska \u00e4r unik Perfekt f\u00f6r att b\u00e4ra dina dagliga n\u00f6dv\u00e4ndigheter samtidigt som den ger en mysig, handgjord k\u00e4nsla till din look.\"><span class=\"Y2IQFc\" lang=\"sv\">\u2022 Every bag is unique<\/span><\/p>","protected":false},"excerpt":{"rendered":"<p>A lovely blue and beige bag with a unique pattern.<\/p>","protected":false},"featured_media":172,"comment_status":"open","ping_status":"closed","template":"","meta":{"_monsterinsights_skip_tracking":false,"_monsterinsights_sitenote_active":false,"_monsterinsights_sitenote_note":"","_monsterinsights_sitenote_category":0},"product_brand":[36],"product_cat":[23],"product_tag":[],"class_list":{"0":"post-171","1":"product","2":"type-product","3":"status-publish","4":"has-post-thumbnail","6":"product_brand-crochet-by-yaonitta-se","7":"product_cat-i-lager","9":"first","10":"instock","11":"taxable","12":"shipping-taxable","13":"purchasable","14":"product-type-simple"},"aioseo_notices":[],"_links":{"self":[{"href":"https:\/\/shop.yaonitta.se\/en\/wp-json\/wp\/v2\/product\/171","targetHints":{"allow":["GET"]}}],"collection":[{"href":"https:\/\/shop.yaonitta.se\/en\/wp-json\/wp\/v2\/product"}],"about":[{"href":"https:\/\/shop.yaonitta.se\/en\/wp-json\/wp\/v2\/types\/product"}],"replies":[{"embeddable":true,"href":"https:\/\/shop.yaonitta.se\/en\/wp-json\/wp\/v2\/comments?post=171"}],"wp:featuredmedia":[{"embeddable":true,"href":"https:\/\/shop.yaonitta.se\/en\/wp-json\/wp\/v2\/media\/172"}],"wp:attachment":[{"href":"https:\/\/shop.yaonitta.se\/en\/wp-json\/wp\/v2\/media?parent=171"}],"wp:term":[{"taxonomy":"product_brand","embeddable":true,"href":"https:\/\/shop.yaonitta.se\/en\/wp-json\/wp\/v2\/product_brand?post=171"},{"taxonomy":"product_cat","embeddable":true,"href":"https:\/\/shop.yaonitta.se\/en\/wp-json\/wp\/v2\/product_cat?post=171"},{"taxonomy":"product_tag","embeddable":true,"href":"https:\/\/shop.yaonitta.se\/en\/wp-json\/wp\/v2\/product_tag?post=171"}],"curies":[{"name":"wp","href":"https:\/\/api.w.org\/{rel}","templated":true}]}}