{"id":151,"date":"2026-02-15T21:52:27","date_gmt":"2026-02-15T21:52:27","guid":{"rendered":"https:\/\/shop.yaonitta.se\/?post_type=product&#038;p=151"},"modified":"2026-03-01T19:25:42","modified_gmt":"2026-03-01T19:25:42","slug":"virkad-tote-bag-med-tofs","status":"publish","type":"product","link":"https:\/\/shop.yaonitta.se\/en\/product\/virkad-tote-bag-med-tofs\/","title":{"rendered":"Crochet Tote Bag with Tassel"},"content":{"rendered":"<p id=\"tw-target-text\" class=\"tw-data-text tw-text-large tw-ta\" dir=\"ltr\" tabindex=\"-1\" role=\"text\" data-placeholder=\"\u00d6vers\u00e4ttning\" data-ved=\"2ahUKEwjGs86BzdOSAxURKBAIHdB5HhgQ3ewLegQICxAW\" aria-label=\"\u00d6versatt text: Denna vackra handgjorda virkade v\u00e4ska har en ren och elegant design i marinbl\u00e5, vita och ljusbl\u00e5 toner. Noggrant tillverkad med noggrannhet i detaljerna \u00e4r den robust, l\u00e4tt och bekv\u00e4m att b\u00e4ra. Den dekorativa tofsen ger en charmig och elegant touch, vilket g\u00f6r v\u00e4skan perfekt f\u00f6r vardagsbruk eller avslappnade utflykter. Varje v\u00e4ska \u00e4r 100 % handgjord, vilket ger den en unik karakt\u00e4r. Perfekt f\u00f6r dagliga n\u00f6dv\u00e4ndigheter, kaffetr\u00e4ffar, shopping eller en avslappnad dagsutflykt. Storlek och detaljer \u2022 Bas: 10 \u00d7 20 cm \u2022 H\u00f6jd: 28 cm \u2022 Bredd: 30 cm \u2022 100 % handgjord virkad \u2022 Slitstark, l\u00e4tt och snygg \u2022 Minimalistisk design med vackra f\u00e4rgkombinationer Ett perfekt val f\u00f6r alla som \u00e4lskar handgjorda f\u00f6rem\u00e5l och tidl\u00f6s, praktisk design.\"><span class=\"Y2IQFc\" lang=\"sv\">This beautiful handmade crochet bag features a clean and elegant design in navy blue, white, and light blue tones. Carefully crafted with attention to detail, it is sturdy, lightweight, and comfortable to carry. The decorative tassel adds a charming and stylish touch, making the bag perfect for everyday use or casual outings.<\/span><\/p>\n<p class=\"tw-data-text tw-text-large tw-ta\" dir=\"ltr\" tabindex=\"-1\" role=\"text\" data-placeholder=\"\u00d6vers\u00e4ttning\" data-ved=\"2ahUKEwjGs86BzdOSAxURKBAIHdB5HhgQ3ewLegQICxAW\" aria-label=\"\u00d6versatt text: Denna vackra handgjorda virkade v\u00e4ska har en ren och elegant design i marinbl\u00e5, vita och ljusbl\u00e5 toner. Noggrant tillverkad med noggrannhet i detaljerna \u00e4r den robust, l\u00e4tt och bekv\u00e4m att b\u00e4ra. Den dekorativa tofsen ger en charmig och elegant touch, vilket g\u00f6r v\u00e4skan perfekt f\u00f6r vardagsbruk eller avslappnade utflykter. Varje v\u00e4ska \u00e4r 100 % handgjord, vilket ger den en unik karakt\u00e4r. Perfekt f\u00f6r dagliga n\u00f6dv\u00e4ndigheter, kaffetr\u00e4ffar, shopping eller en avslappnad dagsutflykt. Storlek och detaljer \u2022 Bas: 10 \u00d7 20 cm \u2022 H\u00f6jd: 28 cm \u2022 Bredd: 30 cm \u2022 100 % handgjord virkad \u2022 Slitstark, l\u00e4tt och snygg \u2022 Minimalistisk design med vackra f\u00e4rgkombinationer Ett perfekt val f\u00f6r alla som \u00e4lskar handgjorda f\u00f6rem\u00e5l och tidl\u00f6s, praktisk design.\"><span class=\"Y2IQFc\" lang=\"sv\">Each bag is 100% handmade, giving it a unique character. Ideal for daily essentials, coffee dates, shopping, or a relaxed day out.<\/span><\/p>\n<p class=\"tw-data-text tw-text-large tw-ta\" dir=\"ltr\" tabindex=\"-1\" role=\"text\" data-placeholder=\"\u00d6vers\u00e4ttning\" data-ved=\"2ahUKEwjGs86BzdOSAxURKBAIHdB5HhgQ3ewLegQICxAW\" aria-label=\"\u00d6versatt text: Denna vackra handgjorda virkade v\u00e4ska har en ren och elegant design i marinbl\u00e5, vita och ljusbl\u00e5 toner. Noggrant tillverkad med noggrannhet i detaljerna \u00e4r den robust, l\u00e4tt och bekv\u00e4m att b\u00e4ra. Den dekorativa tofsen ger en charmig och elegant touch, vilket g\u00f6r v\u00e4skan perfekt f\u00f6r vardagsbruk eller avslappnade utflykter. Varje v\u00e4ska \u00e4r 100 % handgjord, vilket ger den en unik karakt\u00e4r. Perfekt f\u00f6r dagliga n\u00f6dv\u00e4ndigheter, kaffetr\u00e4ffar, shopping eller en avslappnad dagsutflykt. Storlek och detaljer \u2022 Bas: 10 \u00d7 20 cm \u2022 H\u00f6jd: 28 cm \u2022 Bredd: 30 cm \u2022 100 % handgjord virkad \u2022 Slitstark, l\u00e4tt och snygg \u2022 Minimalistisk design med vackra f\u00e4rgkombinationer Ett perfekt val f\u00f6r alla som \u00e4lskar handgjorda f\u00f6rem\u00e5l och tidl\u00f6s, praktisk design.\"><strong><span class=\"Y2IQFc\" lang=\"sv\">Storlek och detaljer<\/span><\/strong><\/p>\n<p class=\"tw-data-text tw-text-large tw-ta\" dir=\"ltr\" tabindex=\"-1\" role=\"text\" data-placeholder=\"\u00d6vers\u00e4ttning\" data-ved=\"2ahUKEwjGs86BzdOSAxURKBAIHdB5HhgQ3ewLegQICxAW\" aria-label=\"\u00d6versatt text: Denna vackra handgjorda virkade v\u00e4ska har en ren och elegant design i marinbl\u00e5, vita och ljusbl\u00e5 toner. Noggrant tillverkad med noggrannhet i detaljerna \u00e4r den robust, l\u00e4tt och bekv\u00e4m att b\u00e4ra. Den dekorativa tofsen ger en charmig och elegant touch, vilket g\u00f6r v\u00e4skan perfekt f\u00f6r vardagsbruk eller avslappnade utflykter. Varje v\u00e4ska \u00e4r 100 % handgjord, vilket ger den en unik karakt\u00e4r. Perfekt f\u00f6r dagliga n\u00f6dv\u00e4ndigheter, kaffetr\u00e4ffar, shopping eller en avslappnad dagsutflykt. Storlek och detaljer \u2022 Bas: 10 \u00d7 20 cm \u2022 H\u00f6jd: 28 cm \u2022 Bredd: 30 cm \u2022 100 % handgjord virkad \u2022 Slitstark, l\u00e4tt och snygg \u2022 Minimalistisk design med vackra f\u00e4rgkombinationer Ett perfekt val f\u00f6r alla som \u00e4lskar handgjorda f\u00f6rem\u00e5l och tidl\u00f6s, praktisk design.\"><span class=\"Y2IQFc\" lang=\"sv\">\u2022 Base: 10 x 20 cm<\/span><\/p>\n<p class=\"tw-data-text tw-text-large tw-ta\" dir=\"ltr\" tabindex=\"-1\" role=\"text\" data-placeholder=\"\u00d6vers\u00e4ttning\" data-ved=\"2ahUKEwjGs86BzdOSAxURKBAIHdB5HhgQ3ewLegQICxAW\" aria-label=\"\u00d6versatt text: Denna vackra handgjorda virkade v\u00e4ska har en ren och elegant design i marinbl\u00e5, vita och ljusbl\u00e5 toner. Noggrant tillverkad med noggrannhet i detaljerna \u00e4r den robust, l\u00e4tt och bekv\u00e4m att b\u00e4ra. Den dekorativa tofsen ger en charmig och elegant touch, vilket g\u00f6r v\u00e4skan perfekt f\u00f6r vardagsbruk eller avslappnade utflykter. Varje v\u00e4ska \u00e4r 100 % handgjord, vilket ger den en unik karakt\u00e4r. Perfekt f\u00f6r dagliga n\u00f6dv\u00e4ndigheter, kaffetr\u00e4ffar, shopping eller en avslappnad dagsutflykt. Storlek och detaljer \u2022 Bas: 10 \u00d7 20 cm \u2022 H\u00f6jd: 28 cm \u2022 Bredd: 30 cm \u2022 100 % handgjord virkad \u2022 Slitstark, l\u00e4tt och snygg \u2022 Minimalistisk design med vackra f\u00e4rgkombinationer Ett perfekt val f\u00f6r alla som \u00e4lskar handgjorda f\u00f6rem\u00e5l och tidl\u00f6s, praktisk design.\"><span class=\"Y2IQFc\" lang=\"sv\">\u2022 Height: 28 cm<\/span><\/p>\n<p class=\"tw-data-text tw-text-large tw-ta\" dir=\"ltr\" tabindex=\"-1\" role=\"text\" data-placeholder=\"\u00d6vers\u00e4ttning\" data-ved=\"2ahUKEwjGs86BzdOSAxURKBAIHdB5HhgQ3ewLegQICxAW\" aria-label=\"\u00d6versatt text: Denna vackra handgjorda virkade v\u00e4ska har en ren och elegant design i marinbl\u00e5, vita och ljusbl\u00e5 toner. Noggrant tillverkad med noggrannhet i detaljerna \u00e4r den robust, l\u00e4tt och bekv\u00e4m att b\u00e4ra. Den dekorativa tofsen ger en charmig och elegant touch, vilket g\u00f6r v\u00e4skan perfekt f\u00f6r vardagsbruk eller avslappnade utflykter. Varje v\u00e4ska \u00e4r 100 % handgjord, vilket ger den en unik karakt\u00e4r. Perfekt f\u00f6r dagliga n\u00f6dv\u00e4ndigheter, kaffetr\u00e4ffar, shopping eller en avslappnad dagsutflykt. Storlek och detaljer \u2022 Bas: 10 \u00d7 20 cm \u2022 H\u00f6jd: 28 cm \u2022 Bredd: 30 cm \u2022 100 % handgjord virkad \u2022 Slitstark, l\u00e4tt och snygg \u2022 Minimalistisk design med vackra f\u00e4rgkombinationer Ett perfekt val f\u00f6r alla som \u00e4lskar handgjorda f\u00f6rem\u00e5l och tidl\u00f6s, praktisk design.\"><span class=\"Y2IQFc\" lang=\"sv\">\u2022 Width: 30 cm<\/span><\/p>\n<p class=\"tw-data-text tw-text-large tw-ta\" dir=\"ltr\" tabindex=\"-1\" role=\"text\" data-placeholder=\"\u00d6vers\u00e4ttning\" data-ved=\"2ahUKEwjGs86BzdOSAxURKBAIHdB5HhgQ3ewLegQICxAW\" aria-label=\"\u00d6versatt text: Denna vackra handgjorda virkade v\u00e4ska har en ren och elegant design i marinbl\u00e5, vita och ljusbl\u00e5 toner. Noggrant tillverkad med noggrannhet i detaljerna \u00e4r den robust, l\u00e4tt och bekv\u00e4m att b\u00e4ra. Den dekorativa tofsen ger en charmig och elegant touch, vilket g\u00f6r v\u00e4skan perfekt f\u00f6r vardagsbruk eller avslappnade utflykter. Varje v\u00e4ska \u00e4r 100 % handgjord, vilket ger den en unik karakt\u00e4r. Perfekt f\u00f6r dagliga n\u00f6dv\u00e4ndigheter, kaffetr\u00e4ffar, shopping eller en avslappnad dagsutflykt. Storlek och detaljer \u2022 Bas: 10 \u00d7 20 cm \u2022 H\u00f6jd: 28 cm \u2022 Bredd: 30 cm \u2022 100 % handgjord virkad \u2022 Slitstark, l\u00e4tt och snygg \u2022 Minimalistisk design med vackra f\u00e4rgkombinationer Ett perfekt val f\u00f6r alla som \u00e4lskar handgjorda f\u00f6rem\u00e5l och tidl\u00f6s, praktisk design.\"><span class=\"Y2IQFc\" lang=\"sv\">\u2022 100% handmade crochet<\/span><\/p>\n<p class=\"tw-data-text tw-text-large tw-ta\" dir=\"ltr\" tabindex=\"-1\" role=\"text\" data-placeholder=\"\u00d6vers\u00e4ttning\" data-ved=\"2ahUKEwjGs86BzdOSAxURKBAIHdB5HhgQ3ewLegQICxAW\" aria-label=\"\u00d6versatt text: Denna vackra handgjorda virkade v\u00e4ska har en ren och elegant design i marinbl\u00e5, vita och ljusbl\u00e5 toner. Noggrant tillverkad med noggrannhet i detaljerna \u00e4r den robust, l\u00e4tt och bekv\u00e4m att b\u00e4ra. Den dekorativa tofsen ger en charmig och elegant touch, vilket g\u00f6r v\u00e4skan perfekt f\u00f6r vardagsbruk eller avslappnade utflykter. Varje v\u00e4ska \u00e4r 100 % handgjord, vilket ger den en unik karakt\u00e4r. Perfekt f\u00f6r dagliga n\u00f6dv\u00e4ndigheter, kaffetr\u00e4ffar, shopping eller en avslappnad dagsutflykt. Storlek och detaljer \u2022 Bas: 10 \u00d7 20 cm \u2022 H\u00f6jd: 28 cm \u2022 Bredd: 30 cm \u2022 100 % handgjord virkad \u2022 Slitstark, l\u00e4tt och snygg \u2022 Minimalistisk design med vackra f\u00e4rgkombinationer Ett perfekt val f\u00f6r alla som \u00e4lskar handgjorda f\u00f6rem\u00e5l och tidl\u00f6s, praktisk design.\"><span class=\"Y2IQFc\" lang=\"sv\">\u2022 Durable, lightweight, and stylish<\/span><\/p>\n<p class=\"tw-data-text tw-text-large tw-ta\" dir=\"ltr\" tabindex=\"-1\" role=\"text\" data-placeholder=\"\u00d6vers\u00e4ttning\" data-ved=\"2ahUKEwjGs86BzdOSAxURKBAIHdB5HhgQ3ewLegQICxAW\" aria-label=\"\u00d6versatt text: Denna vackra handgjorda virkade v\u00e4ska har en ren och elegant design i marinbl\u00e5, vita och ljusbl\u00e5 toner. Noggrant tillverkad med noggrannhet i detaljerna \u00e4r den robust, l\u00e4tt och bekv\u00e4m att b\u00e4ra. Den dekorativa tofsen ger en charmig och elegant touch, vilket g\u00f6r v\u00e4skan perfekt f\u00f6r vardagsbruk eller avslappnade utflykter. Varje v\u00e4ska \u00e4r 100 % handgjord, vilket ger den en unik karakt\u00e4r. Perfekt f\u00f6r dagliga n\u00f6dv\u00e4ndigheter, kaffetr\u00e4ffar, shopping eller en avslappnad dagsutflykt. Storlek och detaljer \u2022 Bas: 10 \u00d7 20 cm \u2022 H\u00f6jd: 28 cm \u2022 Bredd: 30 cm \u2022 100 % handgjord virkad \u2022 Slitstark, l\u00e4tt och snygg \u2022 Minimalistisk design med vackra f\u00e4rgkombinationer Ett perfekt val f\u00f6r alla som \u00e4lskar handgjorda f\u00f6rem\u00e5l och tidl\u00f6s, praktisk design.\"><span class=\"Y2IQFc\" lang=\"sv\">\u2022 Minimal design with beautiful color combinations<\/span><\/p>\n<p class=\"tw-data-text tw-text-large tw-ta\" dir=\"ltr\" tabindex=\"-1\" role=\"text\" data-placeholder=\"\u00d6vers\u00e4ttning\" data-ved=\"2ahUKEwjGs86BzdOSAxURKBAIHdB5HhgQ3ewLegQICxAW\" aria-label=\"\u00d6versatt text: Denna vackra handgjorda virkade v\u00e4ska har en ren och elegant design i marinbl\u00e5, vita och ljusbl\u00e5 toner. Noggrant tillverkad med noggrannhet i detaljerna \u00e4r den robust, l\u00e4tt och bekv\u00e4m att b\u00e4ra. Den dekorativa tofsen ger en charmig och elegant touch, vilket g\u00f6r v\u00e4skan perfekt f\u00f6r vardagsbruk eller avslappnade utflykter. Varje v\u00e4ska \u00e4r 100 % handgjord, vilket ger den en unik karakt\u00e4r. Perfekt f\u00f6r dagliga n\u00f6dv\u00e4ndigheter, kaffetr\u00e4ffar, shopping eller en avslappnad dagsutflykt. Storlek och detaljer \u2022 Bas: 10 \u00d7 20 cm \u2022 H\u00f6jd: 28 cm \u2022 Bredd: 30 cm \u2022 100 % handgjord virkad \u2022 Slitstark, l\u00e4tt och snygg \u2022 Minimalistisk design med vackra f\u00e4rgkombinationer Ett perfekt val f\u00f6r alla som \u00e4lskar handgjorda f\u00f6rem\u00e5l och tidl\u00f6s, praktisk design.\"><span class=\"Y2IQFc\" lang=\"sv\">A perfect choice for anyone who loves handmade items and timeless, practical design.<\/span><\/p>","protected":false},"excerpt":{"rendered":"<p>Pick your own combination of colors on this bag.<\/p>","protected":false},"featured_media":152,"comment_status":"open","ping_status":"closed","template":"","meta":{"_monsterinsights_skip_tracking":false,"_monsterinsights_sitenote_active":false,"_monsterinsights_sitenote_note":"","_monsterinsights_sitenote_category":0},"product_brand":[36],"product_cat":[22],"product_tag":[],"class_list":{"0":"post-151","1":"product","2":"type-product","3":"status-publish","4":"has-post-thumbnail","6":"product_brand-crochet-by-yaonitta-se","7":"product_cat-custom-order","9":"first","10":"onbackorder","11":"taxable","12":"shipping-taxable","13":"purchasable","14":"product-type-variable"},"aioseo_notices":[],"_links":{"self":[{"href":"https:\/\/shop.yaonitta.se\/en\/wp-json\/wp\/v2\/product\/151","targetHints":{"allow":["GET"]}}],"collection":[{"href":"https:\/\/shop.yaonitta.se\/en\/wp-json\/wp\/v2\/product"}],"about":[{"href":"https:\/\/shop.yaonitta.se\/en\/wp-json\/wp\/v2\/types\/product"}],"replies":[{"embeddable":true,"href":"https:\/\/shop.yaonitta.se\/en\/wp-json\/wp\/v2\/comments?post=151"}],"wp:featuredmedia":[{"embeddable":true,"href":"https:\/\/shop.yaonitta.se\/en\/wp-json\/wp\/v2\/media\/152"}],"wp:attachment":[{"href":"https:\/\/shop.yaonitta.se\/en\/wp-json\/wp\/v2\/media?parent=151"}],"wp:term":[{"taxonomy":"product_brand","embeddable":true,"href":"https:\/\/shop.yaonitta.se\/en\/wp-json\/wp\/v2\/product_brand?post=151"},{"taxonomy":"product_cat","embeddable":true,"href":"https:\/\/shop.yaonitta.se\/en\/wp-json\/wp\/v2\/product_cat?post=151"},{"taxonomy":"product_tag","embeddable":true,"href":"https:\/\/shop.yaonitta.se\/en\/wp-json\/wp\/v2\/product_tag?post=151"}],"curies":[{"name":"wp","href":"https:\/\/api.w.org\/{rel}","templated":true}]}}