{"id":149,"date":"2026-02-12T11:09:59","date_gmt":"2026-02-12T11:09:59","guid":{"rendered":"https:\/\/shop.yaonitta.se\/?post_type=product&#038;p=149"},"modified":"2026-03-01T19:26:31","modified_gmt":"2026-03-01T19:26:31","slug":"blommig-bucket-bag-med-tofs-brun-vit","status":"publish","type":"product","link":"https:\/\/shop.yaonitta.se\/en\/product\/blommig-bucket-bag-med-tofs-brun-vit\/","title":{"rendered":"Floral Bucket Bag with Tassel - Brown\/White"},"content":{"rendered":"<p id=\"tw-target-text\" class=\"tw-data-text tw-text-large tw-ta\" dir=\"ltr\" tabindex=\"-1\" role=\"text\" data-placeholder=\"\u00d6vers\u00e4ttning\" data-ved=\"2ahUKEwjGs86BzdOSAxURKBAIHdB5HhgQ3ewLegQICxAW\" aria-label=\"\u00d6versatt text: Denna vackra virkade v\u00e4ska \u00e4r noggrant handgjord, maska \u200b\u200bf\u00f6r maska, med stor uppm\u00e4rksamhet p\u00e5 detaljer. Det eleganta blomm\u00f6nstret i varma bruna och naturliga kr\u00e4mf\u00e4rgade toner ger v\u00e4skan en tidl\u00f6s och mysig handgjord k\u00e4nsla. Designad i en klassisk hinkform med rund bas, \u00e4r denna v\u00e4ska b\u00e5de snygg och praktisk. Den \u00e4r perfekt f\u00f6r vardagsbruk och ger en unik handgjord touch till vilken outfit som helst. Varje plagg \u00e4r verkligen unikt. Storlek och detaljer: \u2022 Rund basdiameter: 18 cm \u2022 H\u00f6jd: 20 cm \u2022 Hinkformad form \u2022 100 % handgjord virkad \u2022 Unik blomdesign Perfekt f\u00f6r att b\u00e4ra dina dagliga n\u00f6dv\u00e4ndigheter samtidigt som den beh\u00e5ller ett mjukt, naturligt och elegant utseende.\"><span class=\"Y2IQFc\" lang=\"sv\">This beautiful crochet bag is carefully handmade, stitch by stitch, with great attention to detail. The elegant floral pattern in warm brown and natural cream tones gives the bag a timeless and cozy handmade feel.<\/span><\/p>\n<p class=\"tw-data-text tw-text-large tw-ta\" dir=\"ltr\" tabindex=\"-1\" role=\"text\" data-placeholder=\"\u00d6vers\u00e4ttning\" data-ved=\"2ahUKEwjGs86BzdOSAxURKBAIHdB5HhgQ3ewLegQICxAW\" aria-label=\"\u00d6versatt text: Denna vackra virkade v\u00e4ska \u00e4r noggrant handgjord, maska \u200b\u200bf\u00f6r maska, med stor uppm\u00e4rksamhet p\u00e5 detaljer. Det eleganta blomm\u00f6nstret i varma bruna och naturliga kr\u00e4mf\u00e4rgade toner ger v\u00e4skan en tidl\u00f6s och mysig handgjord k\u00e4nsla. Designad i en klassisk hinkform med rund bas, \u00e4r denna v\u00e4ska b\u00e5de snygg och praktisk. Den \u00e4r perfekt f\u00f6r vardagsbruk och ger en unik handgjord touch till vilken outfit som helst. Varje plagg \u00e4r verkligen unikt. Storlek och detaljer: \u2022 Rund basdiameter: 18 cm \u2022 H\u00f6jd: 20 cm \u2022 Hinkformad form \u2022 100 % handgjord virkad \u2022 Unik blomdesign Perfekt f\u00f6r att b\u00e4ra dina dagliga n\u00f6dv\u00e4ndigheter samtidigt som den beh\u00e5ller ett mjukt, naturligt och elegant utseende.\"><span class=\"Y2IQFc\" lang=\"sv\">Designed in a classic bucket shape with a round base, this bag is both stylish and practical. It is perfect for everyday use and adds a unique handmade touch to any outfit. Each piece is truly one of a kind.<\/span><\/p>\n<p class=\"tw-data-text tw-text-large tw-ta\" dir=\"ltr\" tabindex=\"-1\" role=\"text\" data-placeholder=\"\u00d6vers\u00e4ttning\" data-ved=\"2ahUKEwjGs86BzdOSAxURKBAIHdB5HhgQ3ewLegQICxAW\" aria-label=\"\u00d6versatt text: Denna vackra virkade v\u00e4ska \u00e4r noggrant handgjord, maska \u200b\u200bf\u00f6r maska, med stor uppm\u00e4rksamhet p\u00e5 detaljer. Det eleganta blomm\u00f6nstret i varma bruna och naturliga kr\u00e4mf\u00e4rgade toner ger v\u00e4skan en tidl\u00f6s och mysig handgjord k\u00e4nsla. Designad i en klassisk hinkform med rund bas, \u00e4r denna v\u00e4ska b\u00e5de snygg och praktisk. Den \u00e4r perfekt f\u00f6r vardagsbruk och ger en unik handgjord touch till vilken outfit som helst. Varje plagg \u00e4r verkligen unikt. Storlek och detaljer: \u2022 Rund basdiameter: 18 cm \u2022 H\u00f6jd: 20 cm \u2022 Hinkformad form \u2022 100 % handgjord virkad \u2022 Unik blomdesign Perfekt f\u00f6r att b\u00e4ra dina dagliga n\u00f6dv\u00e4ndigheter samtidigt som den beh\u00e5ller ett mjukt, naturligt och elegant utseende.\"><span class=\"Y2IQFc\" lang=\"sv\">Size and details:<\/span><\/p>\n<p class=\"tw-data-text tw-text-large tw-ta\" dir=\"ltr\" tabindex=\"-1\" role=\"text\" data-placeholder=\"\u00d6vers\u00e4ttning\" data-ved=\"2ahUKEwjGs86BzdOSAxURKBAIHdB5HhgQ3ewLegQICxAW\" aria-label=\"\u00d6versatt text: Denna vackra virkade v\u00e4ska \u00e4r noggrant handgjord, maska \u200b\u200bf\u00f6r maska, med stor uppm\u00e4rksamhet p\u00e5 detaljer. Det eleganta blomm\u00f6nstret i varma bruna och naturliga kr\u00e4mf\u00e4rgade toner ger v\u00e4skan en tidl\u00f6s och mysig handgjord k\u00e4nsla. Designad i en klassisk hinkform med rund bas, \u00e4r denna v\u00e4ska b\u00e5de snygg och praktisk. Den \u00e4r perfekt f\u00f6r vardagsbruk och ger en unik handgjord touch till vilken outfit som helst. Varje plagg \u00e4r verkligen unikt. Storlek och detaljer: \u2022 Rund basdiameter: 18 cm \u2022 H\u00f6jd: 20 cm \u2022 Hinkformad form \u2022 100 % handgjord virkad \u2022 Unik blomdesign Perfekt f\u00f6r att b\u00e4ra dina dagliga n\u00f6dv\u00e4ndigheter samtidigt som den beh\u00e5ller ett mjukt, naturligt och elegant utseende.\"><span class=\"Y2IQFc\" lang=\"sv\">\u2022 Base diameter: 18 cm<\/span><\/p>\n<p class=\"tw-data-text tw-text-large tw-ta\" dir=\"ltr\" tabindex=\"-1\" role=\"text\" data-placeholder=\"\u00d6vers\u00e4ttning\" data-ved=\"2ahUKEwjGs86BzdOSAxURKBAIHdB5HhgQ3ewLegQICxAW\" aria-label=\"\u00d6versatt text: Denna vackra virkade v\u00e4ska \u00e4r noggrant handgjord, maska \u200b\u200bf\u00f6r maska, med stor uppm\u00e4rksamhet p\u00e5 detaljer. Det eleganta blomm\u00f6nstret i varma bruna och naturliga kr\u00e4mf\u00e4rgade toner ger v\u00e4skan en tidl\u00f6s och mysig handgjord k\u00e4nsla. Designad i en klassisk hinkform med rund bas, \u00e4r denna v\u00e4ska b\u00e5de snygg och praktisk. Den \u00e4r perfekt f\u00f6r vardagsbruk och ger en unik handgjord touch till vilken outfit som helst. Varje plagg \u00e4r verkligen unikt. Storlek och detaljer: \u2022 Rund basdiameter: 18 cm \u2022 H\u00f6jd: 20 cm \u2022 Hinkformad form \u2022 100 % handgjord virkad \u2022 Unik blomdesign Perfekt f\u00f6r att b\u00e4ra dina dagliga n\u00f6dv\u00e4ndigheter samtidigt som den beh\u00e5ller ett mjukt, naturligt och elegant utseende.\"><span class=\"Y2IQFc\" lang=\"sv\">\u2022 Height: 20 cm<\/span><\/p>\n<p class=\"tw-data-text tw-text-large tw-ta\" dir=\"ltr\" tabindex=\"-1\" role=\"text\" data-placeholder=\"\u00d6vers\u00e4ttning\" data-ved=\"2ahUKEwjGs86BzdOSAxURKBAIHdB5HhgQ3ewLegQICxAW\" aria-label=\"\u00d6versatt text: Denna vackra virkade v\u00e4ska \u00e4r noggrant handgjord, maska \u200b\u200bf\u00f6r maska, med stor uppm\u00e4rksamhet p\u00e5 detaljer. Det eleganta blomm\u00f6nstret i varma bruna och naturliga kr\u00e4mf\u00e4rgade toner ger v\u00e4skan en tidl\u00f6s och mysig handgjord k\u00e4nsla. Designad i en klassisk hinkform med rund bas, \u00e4r denna v\u00e4ska b\u00e5de snygg och praktisk. Den \u00e4r perfekt f\u00f6r vardagsbruk och ger en unik handgjord touch till vilken outfit som helst. Varje plagg \u00e4r verkligen unikt. Storlek och detaljer: \u2022 Rund basdiameter: 18 cm \u2022 H\u00f6jd: 20 cm \u2022 Hinkformad form \u2022 100 % handgjord virkad \u2022 Unik blomdesign Perfekt f\u00f6r att b\u00e4ra dina dagliga n\u00f6dv\u00e4ndigheter samtidigt som den beh\u00e5ller ett mjukt, naturligt och elegant utseende.\"><span class=\"Y2IQFc\" lang=\"sv\">\u2022 Bucket-style shape<\/span><\/p>\n<p class=\"tw-data-text tw-text-large tw-ta\" dir=\"ltr\" tabindex=\"-1\" role=\"text\" data-placeholder=\"\u00d6vers\u00e4ttning\" data-ved=\"2ahUKEwjGs86BzdOSAxURKBAIHdB5HhgQ3ewLegQICxAW\" aria-label=\"\u00d6versatt text: Denna vackra virkade v\u00e4ska \u00e4r noggrant handgjord, maska \u200b\u200bf\u00f6r maska, med stor uppm\u00e4rksamhet p\u00e5 detaljer. Det eleganta blomm\u00f6nstret i varma bruna och naturliga kr\u00e4mf\u00e4rgade toner ger v\u00e4skan en tidl\u00f6s och mysig handgjord k\u00e4nsla. Designad i en klassisk hinkform med rund bas, \u00e4r denna v\u00e4ska b\u00e5de snygg och praktisk. Den \u00e4r perfekt f\u00f6r vardagsbruk och ger en unik handgjord touch till vilken outfit som helst. Varje plagg \u00e4r verkligen unikt. Storlek och detaljer: \u2022 Rund basdiameter: 18 cm \u2022 H\u00f6jd: 20 cm \u2022 Hinkformad form \u2022 100 % handgjord virkad \u2022 Unik blomdesign Perfekt f\u00f6r att b\u00e4ra dina dagliga n\u00f6dv\u00e4ndigheter samtidigt som den beh\u00e5ller ett mjukt, naturligt och elegant utseende.\"><span class=\"Y2IQFc\" lang=\"sv\">\u2022 100% handmade crochet<\/span><\/p>\n<p class=\"tw-data-text tw-text-large tw-ta\" dir=\"ltr\" tabindex=\"-1\" role=\"text\" data-placeholder=\"\u00d6vers\u00e4ttning\" data-ved=\"2ahUKEwjGs86BzdOSAxURKBAIHdB5HhgQ3ewLegQICxAW\" aria-label=\"\u00d6versatt text: Denna vackra virkade v\u00e4ska \u00e4r noggrant handgjord, maska \u200b\u200bf\u00f6r maska, med stor uppm\u00e4rksamhet p\u00e5 detaljer. Det eleganta blomm\u00f6nstret i varma bruna och naturliga kr\u00e4mf\u00e4rgade toner ger v\u00e4skan en tidl\u00f6s och mysig handgjord k\u00e4nsla. Designad i en klassisk hinkform med rund bas, \u00e4r denna v\u00e4ska b\u00e5de snygg och praktisk. Den \u00e4r perfekt f\u00f6r vardagsbruk och ger en unik handgjord touch till vilken outfit som helst. Varje plagg \u00e4r verkligen unikt. Storlek och detaljer: \u2022 Rund basdiameter: 18 cm \u2022 H\u00f6jd: 20 cm \u2022 Hinkformad form \u2022 100 % handgjord virkad \u2022 Unik blomdesign Perfekt f\u00f6r att b\u00e4ra dina dagliga n\u00f6dv\u00e4ndigheter samtidigt som den beh\u00e5ller ett mjukt, naturligt och elegant utseende.\"><span class=\"Y2IQFc\" lang=\"sv\">\u2022 Unique floral design<\/span><\/p>\n<p class=\"tw-data-text tw-text-large tw-ta\" dir=\"ltr\" tabindex=\"-1\" role=\"text\" data-placeholder=\"\u00d6vers\u00e4ttning\" data-ved=\"2ahUKEwjGs86BzdOSAxURKBAIHdB5HhgQ3ewLegQICxAW\" aria-label=\"\u00d6versatt text: Denna vackra virkade v\u00e4ska \u00e4r noggrant handgjord, maska \u200b\u200bf\u00f6r maska, med stor uppm\u00e4rksamhet p\u00e5 detaljer. Det eleganta blomm\u00f6nstret i varma bruna och naturliga kr\u00e4mf\u00e4rgade toner ger v\u00e4skan en tidl\u00f6s och mysig handgjord k\u00e4nsla. Designad i en klassisk hinkform med rund bas, \u00e4r denna v\u00e4ska b\u00e5de snygg och praktisk. Den \u00e4r perfekt f\u00f6r vardagsbruk och ger en unik handgjord touch till vilken outfit som helst. Varje plagg \u00e4r verkligen unikt. Storlek och detaljer: \u2022 Rund basdiameter: 18 cm \u2022 H\u00f6jd: 20 cm \u2022 Hinkformad form \u2022 100 % handgjord virkad \u2022 Unik blomdesign Perfekt f\u00f6r att b\u00e4ra dina dagliga n\u00f6dv\u00e4ndigheter samtidigt som den beh\u00e5ller ett mjukt, naturligt och elegant utseende.\"><span class=\"Y2IQFc\" lang=\"sv\">Perfect for carrying your daily essentials while keeping a soft, natural, and elegant look.<\/span><\/p>","protected":false},"excerpt":{"rendered":"<p>En v\u00e4ska med <span class=\"Y2IQFc\" lang=\"sv\">elegant blomm\u00f6nster i varma bruna och naturliga kr\u00e4mf\u00e4rgade toner<\/span><\/p>","protected":false},"featured_media":150,"comment_status":"open","ping_status":"closed","template":"","meta":{"_monsterinsights_skip_tracking":false,"_monsterinsights_sitenote_active":false,"_monsterinsights_sitenote_note":"","_monsterinsights_sitenote_category":0},"product_brand":[36],"product_cat":[23],"product_tag":[],"class_list":{"0":"post-149","1":"product","2":"type-product","3":"status-publish","4":"has-post-thumbnail","6":"product_brand-crochet-by-yaonitta-se","7":"product_cat-i-lager","9":"first","10":"instock","11":"taxable","12":"shipping-taxable","13":"purchasable","14":"product-type-simple"},"aioseo_notices":[],"_links":{"self":[{"href":"https:\/\/shop.yaonitta.se\/en\/wp-json\/wp\/v2\/product\/149","targetHints":{"allow":["GET"]}}],"collection":[{"href":"https:\/\/shop.yaonitta.se\/en\/wp-json\/wp\/v2\/product"}],"about":[{"href":"https:\/\/shop.yaonitta.se\/en\/wp-json\/wp\/v2\/types\/product"}],"replies":[{"embeddable":true,"href":"https:\/\/shop.yaonitta.se\/en\/wp-json\/wp\/v2\/comments?post=149"}],"wp:featuredmedia":[{"embeddable":true,"href":"https:\/\/shop.yaonitta.se\/en\/wp-json\/wp\/v2\/media\/150"}],"wp:attachment":[{"href":"https:\/\/shop.yaonitta.se\/en\/wp-json\/wp\/v2\/media?parent=149"}],"wp:term":[{"taxonomy":"product_brand","embeddable":true,"href":"https:\/\/shop.yaonitta.se\/en\/wp-json\/wp\/v2\/product_brand?post=149"},{"taxonomy":"product_cat","embeddable":true,"href":"https:\/\/shop.yaonitta.se\/en\/wp-json\/wp\/v2\/product_cat?post=149"},{"taxonomy":"product_tag","embeddable":true,"href":"https:\/\/shop.yaonitta.se\/en\/wp-json\/wp\/v2\/product_tag?post=149"}],"curies":[{"name":"wp","href":"https:\/\/api.w.org\/{rel}","templated":true}]}}