{"id":128,"date":"2026-02-12T09:14:30","date_gmt":"2026-02-12T09:14:30","guid":{"rendered":"https:\/\/shop.yaonitta.se\/?post_type=product&#038;p=128"},"modified":"2026-03-01T19:28:28","modified_gmt":"2026-03-01T19:28:28","slug":"virkad-bucket-bag-003-olive-green","status":"publish","type":"product","link":"https:\/\/shop.yaonitta.se\/en\/product\/virkad-bucket-bag-003-olive-green\/","title":{"rendered":"Crochet Bucket Bag with Smiley - Olive green"},"content":{"rendered":"<p id=\"tw-target-text\" class=\"tw-data-text tw-text-large tw-ta\" dir=\"ltr\" tabindex=\"-1\" role=\"text\" data-placeholder=\"\u00d6vers\u00e4ttning\" data-ved=\"2ahUKEwjGs86BzdOSAxURKBAIHdB5HhgQ3ewLegQICxAW\" aria-label=\"\u00d6versatt text: Handgjord virkad hinkv\u00e4ska \u2013 Olivgr\u00f6n Denna vackra virkade v\u00e4ska \u00e4r k\u00e4rleksfullt handgjord, maska \u200b\u200bf\u00f6r maska, med omsorg och uppm\u00e4rksamhet p\u00e5 varje detalj. Den mjuka olivgr\u00f6na f\u00e4rgen ger en lugn, naturlig k\u00e4nsla, vilket g\u00f6r den enkel att matcha med vardagliga outfits. Denna v\u00e4ska \u00e4r designad i en klassisk hinkform och \u00e4r b\u00e5de snygg och praktisk. Den har ett bekv\u00e4mt handtag och en avtagbar axelrem, s\u00e5 att du kan b\u00e4ra den i handen eller crossbody. Den lilla handgjorda smiley-berlocken ger en varm och lekfull touch. Storlek och detaljer: \u2022 Bottendiameter: 15 cm \u2022 H\u00f6jd: 21 cm \u2022 Botten i hinkform \u2022 100 % handgjord virkad \u2022 Varje v\u00e4ska \u00e4r unik Perfekt f\u00f6r att b\u00e4ra dina dagliga n\u00f6dv\u00e4ndigheter samtidigt som den ger en mysig, handgjord k\u00e4nsla till din look.\"><span class=\"Y2IQFc\" lang=\"sv\">This beautiful crochet bag is lovingly handmade, stitch by stitch, with care and attention to every detail. The soft olive green color gives a calm, natural feel, making it easy to match with everyday outfits.<\/span><\/p>\n<p class=\"tw-data-text tw-text-large tw-ta\" dir=\"ltr\" tabindex=\"-1\" role=\"text\" data-placeholder=\"\u00d6vers\u00e4ttning\" data-ved=\"2ahUKEwjGs86BzdOSAxURKBAIHdB5HhgQ3ewLegQICxAW\" aria-label=\"\u00d6versatt text: Handgjord virkad hinkv\u00e4ska \u2013 Olivgr\u00f6n Denna vackra virkade v\u00e4ska \u00e4r k\u00e4rleksfullt handgjord, maska \u200b\u200bf\u00f6r maska, med omsorg och uppm\u00e4rksamhet p\u00e5 varje detalj. Den mjuka olivgr\u00f6na f\u00e4rgen ger en lugn, naturlig k\u00e4nsla, vilket g\u00f6r den enkel att matcha med vardagliga outfits. Denna v\u00e4ska \u00e4r designad i en klassisk hinkform och \u00e4r b\u00e5de snygg och praktisk. Den har ett bekv\u00e4mt handtag och en avtagbar axelrem, s\u00e5 att du kan b\u00e4ra den i handen eller crossbody. Den lilla handgjorda smiley-berlocken ger en varm och lekfull touch. Storlek och detaljer: \u2022 Bottendiameter: 15 cm \u2022 H\u00f6jd: 21 cm \u2022 Botten i hinkform \u2022 100 % handgjord virkad \u2022 Varje v\u00e4ska \u00e4r unik Perfekt f\u00f6r att b\u00e4ra dina dagliga n\u00f6dv\u00e4ndigheter samtidigt som den ger en mysig, handgjord k\u00e4nsla till din look.\"><span class=\"Y2IQFc\" lang=\"sv\">Designed in a classic bucket shape, this bag is both stylish and practical. It comes with a comfortable handle and a detachable shoulder strap, allowing you to wear it by hand or crossbody. The small handmade smiley charm adds a warm and playful touch.<\/span><\/p>\n<p class=\"tw-data-text tw-text-large tw-ta\" dir=\"ltr\" tabindex=\"-1\" role=\"text\" data-placeholder=\"\u00d6vers\u00e4ttning\" data-ved=\"2ahUKEwjGs86BzdOSAxURKBAIHdB5HhgQ3ewLegQICxAW\" aria-label=\"\u00d6versatt text: Handgjord virkad hinkv\u00e4ska \u2013 Olivgr\u00f6n Denna vackra virkade v\u00e4ska \u00e4r k\u00e4rleksfullt handgjord, maska \u200b\u200bf\u00f6r maska, med omsorg och uppm\u00e4rksamhet p\u00e5 varje detalj. Den mjuka olivgr\u00f6na f\u00e4rgen ger en lugn, naturlig k\u00e4nsla, vilket g\u00f6r den enkel att matcha med vardagliga outfits. Denna v\u00e4ska \u00e4r designad i en klassisk hinkform och \u00e4r b\u00e5de snygg och praktisk. Den har ett bekv\u00e4mt handtag och en avtagbar axelrem, s\u00e5 att du kan b\u00e4ra den i handen eller crossbody. Den lilla handgjorda smiley-berlocken ger en varm och lekfull touch. Storlek och detaljer: \u2022 Bottendiameter: 15 cm \u2022 H\u00f6jd: 21 cm \u2022 Botten i hinkform \u2022 100 % handgjord virkad \u2022 Varje v\u00e4ska \u00e4r unik Perfekt f\u00f6r att b\u00e4ra dina dagliga n\u00f6dv\u00e4ndigheter samtidigt som den ger en mysig, handgjord k\u00e4nsla till din look.\"><strong><span class=\"Y2IQFc\" lang=\"sv\">Size and details:<\/span><\/strong><\/p>\n<p class=\"tw-data-text tw-text-large tw-ta\" dir=\"ltr\" tabindex=\"-1\" role=\"text\" data-placeholder=\"\u00d6vers\u00e4ttning\" data-ved=\"2ahUKEwjGs86BzdOSAxURKBAIHdB5HhgQ3ewLegQICxAW\" aria-label=\"\u00d6versatt text: Handgjord virkad hinkv\u00e4ska \u2013 Olivgr\u00f6n Denna vackra virkade v\u00e4ska \u00e4r k\u00e4rleksfullt handgjord, maska \u200b\u200bf\u00f6r maska, med omsorg och uppm\u00e4rksamhet p\u00e5 varje detalj. Den mjuka olivgr\u00f6na f\u00e4rgen ger en lugn, naturlig k\u00e4nsla, vilket g\u00f6r den enkel att matcha med vardagliga outfits. Denna v\u00e4ska \u00e4r designad i en klassisk hinkform och \u00e4r b\u00e5de snygg och praktisk. Den har ett bekv\u00e4mt handtag och en avtagbar axelrem, s\u00e5 att du kan b\u00e4ra den i handen eller crossbody. Den lilla handgjorda smiley-berlocken ger en varm och lekfull touch. Storlek och detaljer: \u2022 Bottendiameter: 15 cm \u2022 H\u00f6jd: 21 cm \u2022 Botten i hinkform \u2022 100 % handgjord virkad \u2022 Varje v\u00e4ska \u00e4r unik Perfekt f\u00f6r att b\u00e4ra dina dagliga n\u00f6dv\u00e4ndigheter samtidigt som den ger en mysig, handgjord k\u00e4nsla till din look.\"><span class=\"Y2IQFc\" lang=\"sv\">\u2022 Base diameter: 15 cm<\/span><\/p>\n<p class=\"tw-data-text tw-text-large tw-ta\" dir=\"ltr\" tabindex=\"-1\" role=\"text\" data-placeholder=\"\u00d6vers\u00e4ttning\" data-ved=\"2ahUKEwjGs86BzdOSAxURKBAIHdB5HhgQ3ewLegQICxAW\" aria-label=\"\u00d6versatt text: Handgjord virkad hinkv\u00e4ska \u2013 Olivgr\u00f6n Denna vackra virkade v\u00e4ska \u00e4r k\u00e4rleksfullt handgjord, maska \u200b\u200bf\u00f6r maska, med omsorg och uppm\u00e4rksamhet p\u00e5 varje detalj. Den mjuka olivgr\u00f6na f\u00e4rgen ger en lugn, naturlig k\u00e4nsla, vilket g\u00f6r den enkel att matcha med vardagliga outfits. Denna v\u00e4ska \u00e4r designad i en klassisk hinkform och \u00e4r b\u00e5de snygg och praktisk. Den har ett bekv\u00e4mt handtag och en avtagbar axelrem, s\u00e5 att du kan b\u00e4ra den i handen eller crossbody. Den lilla handgjorda smiley-berlocken ger en varm och lekfull touch. Storlek och detaljer: \u2022 Bottendiameter: 15 cm \u2022 H\u00f6jd: 21 cm \u2022 Botten i hinkform \u2022 100 % handgjord virkad \u2022 Varje v\u00e4ska \u00e4r unik Perfekt f\u00f6r att b\u00e4ra dina dagliga n\u00f6dv\u00e4ndigheter samtidigt som den ger en mysig, handgjord k\u00e4nsla till din look.\"><span class=\"Y2IQFc\" lang=\"sv\">\u2022 Height: 21 cm<\/span><\/p>\n<p class=\"tw-data-text tw-text-large tw-ta\" dir=\"ltr\" tabindex=\"-1\" role=\"text\" data-placeholder=\"\u00d6vers\u00e4ttning\" data-ved=\"2ahUKEwjGs86BzdOSAxURKBAIHdB5HhgQ3ewLegQICxAW\" aria-label=\"\u00d6versatt text: Handgjord virkad hinkv\u00e4ska \u2013 Olivgr\u00f6n Denna vackra virkade v\u00e4ska \u00e4r k\u00e4rleksfullt handgjord, maska \u200b\u200bf\u00f6r maska, med omsorg och uppm\u00e4rksamhet p\u00e5 varje detalj. Den mjuka olivgr\u00f6na f\u00e4rgen ger en lugn, naturlig k\u00e4nsla, vilket g\u00f6r den enkel att matcha med vardagliga outfits. Denna v\u00e4ska \u00e4r designad i en klassisk hinkform och \u00e4r b\u00e5de snygg och praktisk. Den har ett bekv\u00e4mt handtag och en avtagbar axelrem, s\u00e5 att du kan b\u00e4ra den i handen eller crossbody. Den lilla handgjorda smiley-berlocken ger en varm och lekfull touch. Storlek och detaljer: \u2022 Bottendiameter: 15 cm \u2022 H\u00f6jd: 21 cm \u2022 Botten i hinkform \u2022 100 % handgjord virkad \u2022 Varje v\u00e4ska \u00e4r unik Perfekt f\u00f6r att b\u00e4ra dina dagliga n\u00f6dv\u00e4ndigheter samtidigt som den ger en mysig, handgjord k\u00e4nsla till din look.\"><span class=\"Y2IQFc\" lang=\"sv\">\u2022 Bucket-style bottom<\/span><\/p>\n<p class=\"tw-data-text tw-text-large tw-ta\" dir=\"ltr\" tabindex=\"-1\" role=\"text\" data-placeholder=\"\u00d6vers\u00e4ttning\" data-ved=\"2ahUKEwjGs86BzdOSAxURKBAIHdB5HhgQ3ewLegQICxAW\" aria-label=\"\u00d6versatt text: Handgjord virkad hinkv\u00e4ska \u2013 Olivgr\u00f6n Denna vackra virkade v\u00e4ska \u00e4r k\u00e4rleksfullt handgjord, maska \u200b\u200bf\u00f6r maska, med omsorg och uppm\u00e4rksamhet p\u00e5 varje detalj. Den mjuka olivgr\u00f6na f\u00e4rgen ger en lugn, naturlig k\u00e4nsla, vilket g\u00f6r den enkel att matcha med vardagliga outfits. Denna v\u00e4ska \u00e4r designad i en klassisk hinkform och \u00e4r b\u00e5de snygg och praktisk. Den har ett bekv\u00e4mt handtag och en avtagbar axelrem, s\u00e5 att du kan b\u00e4ra den i handen eller crossbody. Den lilla handgjorda smiley-berlocken ger en varm och lekfull touch. Storlek och detaljer: \u2022 Bottendiameter: 15 cm \u2022 H\u00f6jd: 21 cm \u2022 Botten i hinkform \u2022 100 % handgjord virkad \u2022 Varje v\u00e4ska \u00e4r unik Perfekt f\u00f6r att b\u00e4ra dina dagliga n\u00f6dv\u00e4ndigheter samtidigt som den ger en mysig, handgjord k\u00e4nsla till din look.\"><span class=\"Y2IQFc\" lang=\"sv\">\u2022 100% handmade crochet<\/span><\/p>\n<p class=\"tw-data-text tw-text-large tw-ta\" dir=\"ltr\" tabindex=\"-1\" role=\"text\" data-placeholder=\"\u00d6vers\u00e4ttning\" data-ved=\"2ahUKEwjGs86BzdOSAxURKBAIHdB5HhgQ3ewLegQICxAW\" aria-label=\"\u00d6versatt text: Handgjord virkad hinkv\u00e4ska \u2013 Olivgr\u00f6n Denna vackra virkade v\u00e4ska \u00e4r k\u00e4rleksfullt handgjord, maska \u200b\u200bf\u00f6r maska, med omsorg och uppm\u00e4rksamhet p\u00e5 varje detalj. Den mjuka olivgr\u00f6na f\u00e4rgen ger en lugn, naturlig k\u00e4nsla, vilket g\u00f6r den enkel att matcha med vardagliga outfits. Denna v\u00e4ska \u00e4r designad i en klassisk hinkform och \u00e4r b\u00e5de snygg och praktisk. Den har ett bekv\u00e4mt handtag och en avtagbar axelrem, s\u00e5 att du kan b\u00e4ra den i handen eller crossbody. Den lilla handgjorda smiley-berlocken ger en varm och lekfull touch. Storlek och detaljer: \u2022 Bottendiameter: 15 cm \u2022 H\u00f6jd: 21 cm \u2022 Botten i hinkform \u2022 100 % handgjord virkad \u2022 Varje v\u00e4ska \u00e4r unik Perfekt f\u00f6r att b\u00e4ra dina dagliga n\u00f6dv\u00e4ndigheter samtidigt som den ger en mysig, handgjord k\u00e4nsla till din look.\"><span class=\"Y2IQFc\" lang=\"sv\">\u2022 Every bag is unique<\/span><\/p>\n<p class=\"tw-data-text tw-text-large tw-ta\" dir=\"ltr\" tabindex=\"-1\" role=\"text\" data-placeholder=\"\u00d6vers\u00e4ttning\" data-ved=\"2ahUKEwjGs86BzdOSAxURKBAIHdB5HhgQ3ewLegQICxAW\" aria-label=\"\u00d6versatt text: Handgjord virkad hinkv\u00e4ska \u2013 Olivgr\u00f6n Denna vackra virkade v\u00e4ska \u00e4r k\u00e4rleksfullt handgjord, maska \u200b\u200bf\u00f6r maska, med omsorg och uppm\u00e4rksamhet p\u00e5 varje detalj. Den mjuka olivgr\u00f6na f\u00e4rgen ger en lugn, naturlig k\u00e4nsla, vilket g\u00f6r den enkel att matcha med vardagliga outfits. Denna v\u00e4ska \u00e4r designad i en klassisk hinkform och \u00e4r b\u00e5de snygg och praktisk. Den har ett bekv\u00e4mt handtag och en avtagbar axelrem, s\u00e5 att du kan b\u00e4ra den i handen eller crossbody. Den lilla handgjorda smiley-berlocken ger en varm och lekfull touch. Storlek och detaljer: \u2022 Bottendiameter: 15 cm \u2022 H\u00f6jd: 21 cm \u2022 Botten i hinkform \u2022 100 % handgjord virkad \u2022 Varje v\u00e4ska \u00e4r unik Perfekt f\u00f6r att b\u00e4ra dina dagliga n\u00f6dv\u00e4ndigheter samtidigt som den ger en mysig, handgjord k\u00e4nsla till din look.\"><span class=\"Y2IQFc\" lang=\"sv\">Perfect for carrying your daily essentials while adding a cozy, handmade feeling to your look.<\/span><\/p>","protected":false},"excerpt":{"rendered":"<p>A lovely olive green bag with a warm and playful touch<\/p>","protected":false},"featured_media":130,"comment_status":"open","ping_status":"closed","template":"","meta":{"_monsterinsights_skip_tracking":false,"_monsterinsights_sitenote_active":false,"_monsterinsights_sitenote_note":"","_monsterinsights_sitenote_category":0},"product_brand":[36],"product_cat":[23],"product_tag":[],"class_list":{"0":"post-128","1":"product","2":"type-product","3":"status-publish","4":"has-post-thumbnail","6":"product_brand-crochet-by-yaonitta-se","7":"product_cat-i-lager","9":"first","10":"instock","11":"taxable","12":"shipping-taxable","13":"purchasable","14":"product-type-simple"},"aioseo_notices":[],"_links":{"self":[{"href":"https:\/\/shop.yaonitta.se\/en\/wp-json\/wp\/v2\/product\/128","targetHints":{"allow":["GET"]}}],"collection":[{"href":"https:\/\/shop.yaonitta.se\/en\/wp-json\/wp\/v2\/product"}],"about":[{"href":"https:\/\/shop.yaonitta.se\/en\/wp-json\/wp\/v2\/types\/product"}],"replies":[{"embeddable":true,"href":"https:\/\/shop.yaonitta.se\/en\/wp-json\/wp\/v2\/comments?post=128"}],"wp:featuredmedia":[{"embeddable":true,"href":"https:\/\/shop.yaonitta.se\/en\/wp-json\/wp\/v2\/media\/130"}],"wp:attachment":[{"href":"https:\/\/shop.yaonitta.se\/en\/wp-json\/wp\/v2\/media?parent=128"}],"wp:term":[{"taxonomy":"product_brand","embeddable":true,"href":"https:\/\/shop.yaonitta.se\/en\/wp-json\/wp\/v2\/product_brand?post=128"},{"taxonomy":"product_cat","embeddable":true,"href":"https:\/\/shop.yaonitta.se\/en\/wp-json\/wp\/v2\/product_cat?post=128"},{"taxonomy":"product_tag","embeddable":true,"href":"https:\/\/shop.yaonitta.se\/en\/wp-json\/wp\/v2\/product_tag?post=128"}],"curies":[{"name":"wp","href":"https:\/\/api.w.org\/{rel}","templated":true}]}}