{"id":108,"date":"2026-02-05T19:13:09","date_gmt":"2026-02-05T19:13:09","guid":{"rendered":"https:\/\/shop.yaonitta.se\/?post_type=product&#038;p=108"},"modified":"2026-03-01T19:30:51","modified_gmt":"2026-03-01T19:30:51","slug":"virkad-bucket-bag-med-blomma","status":"publish","type":"product","link":"https:\/\/shop.yaonitta.se\/en\/product\/virkad-bucket-bag-med-blomma\/","title":{"rendered":"Crochet Bucket Bag with Flower"},"content":{"rendered":"<p id=\"tw-target-text\" class=\"tw-data-text tw-text-large tw-ta\" dir=\"ltr\" tabindex=\"-1\" role=\"text\" data-placeholder=\"\u00d6vers\u00e4ttning\" aria-label=\"\u00d6versatt text: Handgjord virkad hinkv\u00e4ska Denna virkade v\u00e4ska \u00e4r k\u00e4rleksfullt handgjord, maska \u200b\u200bf\u00f6r maska, med omsorg och uppm\u00e4rksamhet p\u00e5 varje detalj. Dess enkla men charmiga hinkform ger en varm, naturlig handgjord k\u00e4nsla som passar perfekt till vardagsstilen. Storlek och detaljer: \u2022 Bottendiameter: 15 cm \u2022 H\u00f6jd: 21 cm \u2022 Botten i hinkform \u2022 100 % handgjord virkad \u2022 Varje v\u00e4ska \u00e4r unik Perfekt f\u00f6r att b\u00e4ra dina dagliga n\u00f6dv\u00e4ndigheter samtidigt som den ger en mysig, handgjord touch till din outfit.\" data-ved=\"2ahUKEwjroaf37cKSAxURExAIHfROCakQ3ewLegQIDBAW\"><span class=\"Y2IQFc\" lang=\"sv\">This crochet bag is lovingly handmade, stitch by stitch, with care and attention to every detail. Its simple yet charming bucket shape gives a warm, natural handmade feel that fits perfectly with everyday style.<\/span><\/p>\n<p class=\"tw-data-text tw-text-large tw-ta\" dir=\"ltr\" tabindex=\"-1\" role=\"text\" data-placeholder=\"\u00d6vers\u00e4ttning\" aria-label=\"\u00d6versatt text: Handgjord virkad hinkv\u00e4ska Denna virkade v\u00e4ska \u00e4r k\u00e4rleksfullt handgjord, maska \u200b\u200bf\u00f6r maska, med omsorg och uppm\u00e4rksamhet p\u00e5 varje detalj. Dess enkla men charmiga hinkform ger en varm, naturlig handgjord k\u00e4nsla som passar perfekt till vardagsstilen. Storlek och detaljer: \u2022 Bottendiameter: 15 cm \u2022 H\u00f6jd: 21 cm \u2022 Botten i hinkform \u2022 100 % handgjord virkad \u2022 Varje v\u00e4ska \u00e4r unik Perfekt f\u00f6r att b\u00e4ra dina dagliga n\u00f6dv\u00e4ndigheter samtidigt som den ger en mysig, handgjord touch till din outfit.\" data-ved=\"2ahUKEwjroaf37cKSAxURExAIHfROCakQ3ewLegQIDBAW\"><span class=\"Y2IQFc\" lang=\"sv\">Size and details:<\/span><\/p>\n<p class=\"tw-data-text tw-text-large tw-ta\" dir=\"ltr\" tabindex=\"-1\" role=\"text\" data-placeholder=\"\u00d6vers\u00e4ttning\" aria-label=\"\u00d6versatt text: Handgjord virkad hinkv\u00e4ska Denna virkade v\u00e4ska \u00e4r k\u00e4rleksfullt handgjord, maska \u200b\u200bf\u00f6r maska, med omsorg och uppm\u00e4rksamhet p\u00e5 varje detalj. Dess enkla men charmiga hinkform ger en varm, naturlig handgjord k\u00e4nsla som passar perfekt till vardagsstilen. Storlek och detaljer: \u2022 Bottendiameter: 15 cm \u2022 H\u00f6jd: 21 cm \u2022 Botten i hinkform \u2022 100 % handgjord virkad \u2022 Varje v\u00e4ska \u00e4r unik Perfekt f\u00f6r att b\u00e4ra dina dagliga n\u00f6dv\u00e4ndigheter samtidigt som den ger en mysig, handgjord touch till din outfit.\" data-ved=\"2ahUKEwjroaf37cKSAxURExAIHfROCakQ3ewLegQIDBAW\"><span class=\"Y2IQFc\" lang=\"sv\">\u2022 Base diameter: 15 cm<\/span><\/p>\n<p class=\"tw-data-text tw-text-large tw-ta\" dir=\"ltr\" tabindex=\"-1\" role=\"text\" data-placeholder=\"\u00d6vers\u00e4ttning\" aria-label=\"\u00d6versatt text: Handgjord virkad hinkv\u00e4ska Denna virkade v\u00e4ska \u00e4r k\u00e4rleksfullt handgjord, maska \u200b\u200bf\u00f6r maska, med omsorg och uppm\u00e4rksamhet p\u00e5 varje detalj. Dess enkla men charmiga hinkform ger en varm, naturlig handgjord k\u00e4nsla som passar perfekt till vardagsstilen. Storlek och detaljer: \u2022 Bottendiameter: 15 cm \u2022 H\u00f6jd: 21 cm \u2022 Botten i hinkform \u2022 100 % handgjord virkad \u2022 Varje v\u00e4ska \u00e4r unik Perfekt f\u00f6r att b\u00e4ra dina dagliga n\u00f6dv\u00e4ndigheter samtidigt som den ger en mysig, handgjord touch till din outfit.\" data-ved=\"2ahUKEwjroaf37cKSAxURExAIHfROCakQ3ewLegQIDBAW\"><span class=\"Y2IQFc\" lang=\"sv\">\u2022 Height: 21 cm<\/span><\/p>\n<p class=\"tw-data-text tw-text-large tw-ta\" dir=\"ltr\" tabindex=\"-1\" role=\"text\" data-placeholder=\"\u00d6vers\u00e4ttning\" aria-label=\"\u00d6versatt text: Handgjord virkad hinkv\u00e4ska Denna virkade v\u00e4ska \u00e4r k\u00e4rleksfullt handgjord, maska \u200b\u200bf\u00f6r maska, med omsorg och uppm\u00e4rksamhet p\u00e5 varje detalj. Dess enkla men charmiga hinkform ger en varm, naturlig handgjord k\u00e4nsla som passar perfekt till vardagsstilen. Storlek och detaljer: \u2022 Bottendiameter: 15 cm \u2022 H\u00f6jd: 21 cm \u2022 Botten i hinkform \u2022 100 % handgjord virkad \u2022 Varje v\u00e4ska \u00e4r unik Perfekt f\u00f6r att b\u00e4ra dina dagliga n\u00f6dv\u00e4ndigheter samtidigt som den ger en mysig, handgjord touch till din outfit.\" data-ved=\"2ahUKEwjroaf37cKSAxURExAIHfROCakQ3ewLegQIDBAW\"><span class=\"Y2IQFc\" lang=\"sv\">\u2022 Bucket-style bottom<\/span><\/p>\n<p class=\"tw-data-text tw-text-large tw-ta\" dir=\"ltr\" tabindex=\"-1\" role=\"text\" data-placeholder=\"\u00d6vers\u00e4ttning\" aria-label=\"\u00d6versatt text: Handgjord virkad hinkv\u00e4ska Denna virkade v\u00e4ska \u00e4r k\u00e4rleksfullt handgjord, maska \u200b\u200bf\u00f6r maska, med omsorg och uppm\u00e4rksamhet p\u00e5 varje detalj. Dess enkla men charmiga hinkform ger en varm, naturlig handgjord k\u00e4nsla som passar perfekt till vardagsstilen. Storlek och detaljer: \u2022 Bottendiameter: 15 cm \u2022 H\u00f6jd: 21 cm \u2022 Botten i hinkform \u2022 100 % handgjord virkad \u2022 Varje v\u00e4ska \u00e4r unik Perfekt f\u00f6r att b\u00e4ra dina dagliga n\u00f6dv\u00e4ndigheter samtidigt som den ger en mysig, handgjord touch till din outfit.\" data-ved=\"2ahUKEwjroaf37cKSAxURExAIHfROCakQ3ewLegQIDBAW\"><span class=\"Y2IQFc\" lang=\"sv\">\u2022 100% handmade crochet<\/span><\/p>\n<p class=\"tw-data-text tw-text-large tw-ta\" dir=\"ltr\" tabindex=\"-1\" role=\"text\" data-placeholder=\"\u00d6vers\u00e4ttning\" aria-label=\"\u00d6versatt text: Handgjord virkad hinkv\u00e4ska Denna virkade v\u00e4ska \u00e4r k\u00e4rleksfullt handgjord, maska \u200b\u200bf\u00f6r maska, med omsorg och uppm\u00e4rksamhet p\u00e5 varje detalj. Dess enkla men charmiga hinkform ger en varm, naturlig handgjord k\u00e4nsla som passar perfekt till vardagsstilen. Storlek och detaljer: \u2022 Bottendiameter: 15 cm \u2022 H\u00f6jd: 21 cm \u2022 Botten i hinkform \u2022 100 % handgjord virkad \u2022 Varje v\u00e4ska \u00e4r unik Perfekt f\u00f6r att b\u00e4ra dina dagliga n\u00f6dv\u00e4ndigheter samtidigt som den ger en mysig, handgjord touch till din outfit.\" data-ved=\"2ahUKEwjroaf37cKSAxURExAIHfROCakQ3ewLegQIDBAW\"><span class=\"Y2IQFc\" lang=\"sv\">\u2022 Every bag is unique<\/span><\/p>\n<p class=\"tw-data-text tw-text-large tw-ta\" dir=\"ltr\" tabindex=\"-1\" role=\"text\" data-placeholder=\"\u00d6vers\u00e4ttning\" aria-label=\"\u00d6versatt text: Handgjord virkad hinkv\u00e4ska Denna virkade v\u00e4ska \u00e4r k\u00e4rleksfullt handgjord, maska \u200b\u200bf\u00f6r maska, med omsorg och uppm\u00e4rksamhet p\u00e5 varje detalj. Dess enkla men charmiga hinkform ger en varm, naturlig handgjord k\u00e4nsla som passar perfekt till vardagsstilen. Storlek och detaljer: \u2022 Bottendiameter: 15 cm \u2022 H\u00f6jd: 21 cm \u2022 Botten i hinkform \u2022 100 % handgjord virkad \u2022 Varje v\u00e4ska \u00e4r unik Perfekt f\u00f6r att b\u00e4ra dina dagliga n\u00f6dv\u00e4ndigheter samtidigt som den ger en mysig, handgjord touch till din outfit.\" data-ved=\"2ahUKEwjroaf37cKSAxURExAIHfROCakQ3ewLegQIDBAW\"><span class=\"Y2IQFc\" lang=\"sv\">Perfect for carrying your daily essentials while adding a cozy, handmade touch to your outfit.<\/span><\/p>","protected":false},"excerpt":{"rendered":"<p>Pick your own combination of colors on this bag.<\/p>","protected":false},"featured_media":109,"comment_status":"open","ping_status":"closed","template":"","meta":{"_monsterinsights_skip_tracking":false,"_monsterinsights_sitenote_active":false,"_monsterinsights_sitenote_note":"","_monsterinsights_sitenote_category":0},"product_brand":[36],"product_cat":[22],"product_tag":[],"class_list":{"0":"post-108","1":"product","2":"type-product","3":"status-publish","4":"has-post-thumbnail","6":"product_brand-crochet-by-yaonitta-se","7":"product_cat-custom-order","9":"first","10":"onbackorder","11":"taxable","12":"shipping-taxable","13":"purchasable","14":"product-type-variable"},"aioseo_notices":[],"_links":{"self":[{"href":"https:\/\/shop.yaonitta.se\/en\/wp-json\/wp\/v2\/product\/108","targetHints":{"allow":["GET"]}}],"collection":[{"href":"https:\/\/shop.yaonitta.se\/en\/wp-json\/wp\/v2\/product"}],"about":[{"href":"https:\/\/shop.yaonitta.se\/en\/wp-json\/wp\/v2\/types\/product"}],"replies":[{"embeddable":true,"href":"https:\/\/shop.yaonitta.se\/en\/wp-json\/wp\/v2\/comments?post=108"}],"wp:featuredmedia":[{"embeddable":true,"href":"https:\/\/shop.yaonitta.se\/en\/wp-json\/wp\/v2\/media\/109"}],"wp:attachment":[{"href":"https:\/\/shop.yaonitta.se\/en\/wp-json\/wp\/v2\/media?parent=108"}],"wp:term":[{"taxonomy":"product_brand","embeddable":true,"href":"https:\/\/shop.yaonitta.se\/en\/wp-json\/wp\/v2\/product_brand?post=108"},{"taxonomy":"product_cat","embeddable":true,"href":"https:\/\/shop.yaonitta.se\/en\/wp-json\/wp\/v2\/product_cat?post=108"},{"taxonomy":"product_tag","embeddable":true,"href":"https:\/\/shop.yaonitta.se\/en\/wp-json\/wp\/v2\/product_tag?post=108"}],"curies":[{"name":"wp","href":"https:\/\/api.w.org\/{rel}","templated":true}]}}